{"id":550,"date":"2022-11-29T11:47:21","date_gmt":"2022-11-29T10:47:21","guid":{"rendered":"http:\/\/dominiquepotard.com\/?page_id=550"},"modified":"2022-12-23T12:32:09","modified_gmt":"2022-12-23T11:32:09","slug":"installations","status":"publish","type":"page","link":"https:\/\/dominiquepotard.com\/index.php\/installations\/","title":{"rendered":"Installations"},"content":{"rendered":"\n<figure class=\"wp-block-gallery has-nested-images columns-default is-cropped wp-block-gallery-1 is-layout-flex wp-block-gallery-is-layout-flex\">\n<figure class=\"wp-block-image size-large\"><a href=\"https:\/\/dominiquepotard.com\/wp-content\/uploads\/2022\/11\/Atelier-Lamballe.jpg\" target=\"_blank\" rel=\"noreferrer noopener\"><img loading=\"lazy\" decoding=\"async\" width=\"681\" height=\"1024\" data-id=\"305\" src=\"https:\/\/dominiquepotard.com\/wp-content\/uploads\/2022\/11\/Atelier-Lamballe-681x1024.jpg\" alt=\"\" class=\"wp-image-305\" srcset=\"https:\/\/dominiquepotard.com\/wp-content\/uploads\/2022\/11\/Atelier-Lamballe-681x1024.jpg 681w, https:\/\/dominiquepotard.com\/wp-content\/uploads\/2022\/11\/Atelier-Lamballe-800x1203.jpg 800w, https:\/\/dominiquepotard.com\/wp-content\/uploads\/2022\/11\/Atelier-Lamballe-200x300.jpg 200w, https:\/\/dominiquepotard.com\/wp-content\/uploads\/2022\/11\/Atelier-Lamballe-768x1155.jpg 768w, https:\/\/dominiquepotard.com\/wp-content\/uploads\/2022\/11\/Atelier-Lamballe-1022x1536.jpg 1022w, https:\/\/dominiquepotard.com\/wp-content\/uploads\/2022\/11\/Atelier-Lamballe-1240x1865.jpg 1240w, https:\/\/dominiquepotard.com\/wp-content\/uploads\/2022\/11\/Atelier-Lamballe-508x764.jpg 508w, https:\/\/dominiquepotard.com\/wp-content\/uploads\/2022\/11\/Atelier-Lamballe.jpg 1362w\" sizes=\"auto, (max-width: 681px) 100vw, 681px\" \/><\/a><figcaption class=\"wp-element-caption\">Atelier Lamballe<\/figcaption><\/figure>\n\n\n\n<figure class=\"wp-block-image size-large\"><a href=\"https:\/\/dominiquepotard.com\/wp-content\/uploads\/2022\/11\/Jouis-regarde-embrasse-le-Monde-1.jpg\" target=\"_blank\" rel=\"noreferrer noopener\"><img loading=\"lazy\" decoding=\"async\" width=\"800\" height=\"536\" data-id=\"304\" src=\"https:\/\/dominiquepotard.com\/wp-content\/uploads\/2022\/11\/Jouis-regarde-embrasse-le-Monde-1.jpg\" alt=\"\" class=\"wp-image-304\" srcset=\"https:\/\/dominiquepotard.com\/wp-content\/uploads\/2022\/11\/Jouis-regarde-embrasse-le-Monde-1.jpg 800w, https:\/\/dominiquepotard.com\/wp-content\/uploads\/2022\/11\/Jouis-regarde-embrasse-le-Monde-1-300x201.jpg 300w, https:\/\/dominiquepotard.com\/wp-content\/uploads\/2022\/11\/Jouis-regarde-embrasse-le-Monde-1-768x515.jpg 768w, https:\/\/dominiquepotard.com\/wp-content\/uploads\/2022\/11\/Jouis-regarde-embrasse-le-Monde-1-508x340.jpg 508w\" sizes=\"auto, (max-width: 800px) 100vw, 800px\" \/><\/a><figcaption class=\"wp-element-caption\">Jouis, regarde, embrasse le Monde<\/figcaption><\/figure>\n\n\n\n<figure class=\"wp-block-image size-large\"><a href=\"https:\/\/dominiquepotard.com\/wp-content\/uploads\/2022\/11\/Espace-Victor-Hugo-Ploufragan.jpg\" target=\"_blank\" rel=\"noreferrer noopener\"><img loading=\"lazy\" decoding=\"async\" width=\"800\" height=\"535\" data-id=\"302\" src=\"https:\/\/dominiquepotard.com\/wp-content\/uploads\/2022\/11\/Espace-Victor-Hugo-Ploufragan.jpg\" alt=\"\" class=\"wp-image-302\" srcset=\"https:\/\/dominiquepotard.com\/wp-content\/uploads\/2022\/11\/Espace-Victor-Hugo-Ploufragan.jpg 800w, https:\/\/dominiquepotard.com\/wp-content\/uploads\/2022\/11\/Espace-Victor-Hugo-Ploufragan-300x201.jpg 300w, https:\/\/dominiquepotard.com\/wp-content\/uploads\/2022\/11\/Espace-Victor-Hugo-Ploufragan-768x514.jpg 768w, https:\/\/dominiquepotard.com\/wp-content\/uploads\/2022\/11\/Espace-Victor-Hugo-Ploufragan-508x340.jpg 508w\" sizes=\"auto, (max-width: 800px) 100vw, 800px\" \/><\/a><figcaption class=\"wp-element-caption\">Espace Victor Hugo Ploufragan<\/figcaption><\/figure>\n\n\n\n<figure class=\"wp-block-image size-large\"><a href=\"https:\/\/dominiquepotard.com\/wp-content\/uploads\/2022\/11\/Jouis-Regarde-embrasse-le-Monde.jpg\" target=\"_blank\" rel=\"noreferrer noopener\"><img loading=\"lazy\" decoding=\"async\" width=\"800\" height=\"535\" data-id=\"303\" src=\"https:\/\/dominiquepotard.com\/wp-content\/uploads\/2022\/11\/Jouis-Regarde-embrasse-le-Monde.jpg\" alt=\"\" class=\"wp-image-303\" srcset=\"https:\/\/dominiquepotard.com\/wp-content\/uploads\/2022\/11\/Jouis-Regarde-embrasse-le-Monde.jpg 800w, https:\/\/dominiquepotard.com\/wp-content\/uploads\/2022\/11\/Jouis-Regarde-embrasse-le-Monde-300x201.jpg 300w, https:\/\/dominiquepotard.com\/wp-content\/uploads\/2022\/11\/Jouis-Regarde-embrasse-le-Monde-768x514.jpg 768w, https:\/\/dominiquepotard.com\/wp-content\/uploads\/2022\/11\/Jouis-Regarde-embrasse-le-Monde-508x340.jpg 508w\" sizes=\"auto, (max-width: 800px) 100vw, 800px\" \/><\/a><figcaption class=\"wp-element-caption\">Jouis Regarde, embrasse le Monde<\/figcaption><\/figure>\n\n\n\n<figure class=\"wp-block-image size-large\"><a href=\"https:\/\/dominiquepotard.com\/wp-content\/uploads\/2022\/11\/Atelier.jpg\" target=\"_blank\" rel=\"noreferrer noopener\"><img loading=\"lazy\" decoding=\"async\" width=\"800\" height=\"532\" data-id=\"301\" src=\"https:\/\/dominiquepotard.com\/wp-content\/uploads\/2022\/11\/Atelier.jpg\" alt=\"\" class=\"wp-image-301\" srcset=\"https:\/\/dominiquepotard.com\/wp-content\/uploads\/2022\/11\/Atelier.jpg 800w, https:\/\/dominiquepotard.com\/wp-content\/uploads\/2022\/11\/Atelier-300x200.jpg 300w, https:\/\/dominiquepotard.com\/wp-content\/uploads\/2022\/11\/Atelier-768x511.jpg 768w, https:\/\/dominiquepotard.com\/wp-content\/uploads\/2022\/11\/Atelier-508x338.jpg 508w\" sizes=\"auto, (max-width: 800px) 100vw, 800px\" \/><\/a><figcaption class=\"wp-element-caption\">Atelier<\/figcaption><\/figure>\n\n\n\n<figure class=\"wp-block-image size-large\"><a href=\"https:\/\/dominiquepotard.com\/wp-content\/uploads\/2022\/11\/Atelier-trans-generationnel.jpg\" target=\"_blank\" rel=\"noreferrer noopener\"><img loading=\"lazy\" decoding=\"async\" width=\"532\" height=\"800\" data-id=\"300\" src=\"https:\/\/dominiquepotard.com\/wp-content\/uploads\/2022\/11\/Atelier-trans-generationnel.jpg\" alt=\"\" class=\"wp-image-300\" srcset=\"https:\/\/dominiquepotard.com\/wp-content\/uploads\/2022\/11\/Atelier-trans-generationnel.jpg 532w, https:\/\/dominiquepotard.com\/wp-content\/uploads\/2022\/11\/Atelier-trans-generationnel-200x300.jpg 200w, https:\/\/dominiquepotard.com\/wp-content\/uploads\/2022\/11\/Atelier-trans-generationnel-508x764.jpg 508w\" sizes=\"auto, (max-width: 532px) 100vw, 532px\" \/><\/a><figcaption class=\"wp-element-caption\">Atelier trans-g\u00e9n\u00e9rationnel<\/figcaption><\/figure>\n\n\n\n<figure class=\"wp-block-image size-large\"><a href=\"https:\/\/dominiquepotard.com\/wp-content\/uploads\/2022\/11\/Atelier-participatif-Lamballe.jpg\" target=\"_blank\" rel=\"noreferrer noopener\"><img loading=\"lazy\" decoding=\"async\" width=\"1024\" height=\"681\" data-id=\"299\" src=\"https:\/\/dominiquepotard.com\/wp-content\/uploads\/2022\/11\/Atelier-participatif-Lamballe-1024x681.jpg\" alt=\"\" class=\"wp-image-299\" srcset=\"https:\/\/dominiquepotard.com\/wp-content\/uploads\/2022\/11\/Atelier-participatif-Lamballe-1024x681.jpg 1024w, https:\/\/dominiquepotard.com\/wp-content\/uploads\/2022\/11\/Atelier-participatif-Lamballe-800x532.jpg 800w, https:\/\/dominiquepotard.com\/wp-content\/uploads\/2022\/11\/Atelier-participatif-Lamballe-300x199.jpg 300w, https:\/\/dominiquepotard.com\/wp-content\/uploads\/2022\/11\/Atelier-participatif-Lamballe-768x510.jpg 768w, https:\/\/dominiquepotard.com\/wp-content\/uploads\/2022\/11\/Atelier-participatif-Lamballe-1536x1021.jpg 1536w, https:\/\/dominiquepotard.com\/wp-content\/uploads\/2022\/11\/Atelier-participatif-Lamballe-1240x824.jpg 1240w, https:\/\/dominiquepotard.com\/wp-content\/uploads\/2022\/11\/Atelier-participatif-Lamballe-508x338.jpg 508w, https:\/\/dominiquepotard.com\/wp-content\/uploads\/2022\/11\/Atelier-participatif-Lamballe.jpg 2048w\" sizes=\"auto, (max-width: 1024px) 100vw, 1024px\" \/><\/a><figcaption class=\"wp-element-caption\">Atelier participatif Lamballe<\/figcaption><\/figure>\n\n\n\n<figure class=\"wp-block-image size-large\"><a href=\"https:\/\/dominiquepotard.com\/wp-content\/uploads\/2022\/11\/Atelier-participatif-Lamballe-2.jpg\" target=\"_blank\" rel=\"noreferrer noopener\"><img loading=\"lazy\" decoding=\"async\" width=\"1024\" height=\"681\" data-id=\"298\" src=\"https:\/\/dominiquepotard.com\/wp-content\/uploads\/2022\/11\/Atelier-participatif-Lamballe-2-1024x681.jpg\" alt=\"\" class=\"wp-image-298\" srcset=\"https:\/\/dominiquepotard.com\/wp-content\/uploads\/2022\/11\/Atelier-participatif-Lamballe-2-1024x681.jpg 1024w, https:\/\/dominiquepotard.com\/wp-content\/uploads\/2022\/11\/Atelier-participatif-Lamballe-2-800x532.jpg 800w, https:\/\/dominiquepotard.com\/wp-content\/uploads\/2022\/11\/Atelier-participatif-Lamballe-2-300x199.jpg 300w, https:\/\/dominiquepotard.com\/wp-content\/uploads\/2022\/11\/Atelier-participatif-Lamballe-2-768x510.jpg 768w, https:\/\/dominiquepotard.com\/wp-content\/uploads\/2022\/11\/Atelier-participatif-Lamballe-2-1536x1021.jpg 1536w, https:\/\/dominiquepotard.com\/wp-content\/uploads\/2022\/11\/Atelier-participatif-Lamballe-2-1240x824.jpg 1240w, https:\/\/dominiquepotard.com\/wp-content\/uploads\/2022\/11\/Atelier-participatif-Lamballe-2-508x338.jpg 508w, https:\/\/dominiquepotard.com\/wp-content\/uploads\/2022\/11\/Atelier-participatif-Lamballe-2.jpg 2048w\" sizes=\"auto, (max-width: 1024px) 100vw, 1024px\" \/><\/a><figcaption class=\"wp-element-caption\">Atelier participatif Lamballe (2)<\/figcaption><\/figure>\n\n\n\n<figure class=\"wp-block-image size-large\"><a href=\"https:\/\/dominiquepotard.com\/wp-content\/uploads\/2022\/11\/Atelier-participatif-autour-de-linstallation.jpg\" target=\"_blank\" rel=\"noreferrer noopener\"><img loading=\"lazy\" decoding=\"async\" width=\"800\" height=\"532\" data-id=\"297\" src=\"https:\/\/dominiquepotard.com\/wp-content\/uploads\/2022\/11\/Atelier-participatif-autour-de-linstallation.jpg\" alt=\"\" class=\"wp-image-297\" srcset=\"https:\/\/dominiquepotard.com\/wp-content\/uploads\/2022\/11\/Atelier-participatif-autour-de-linstallation.jpg 800w, https:\/\/dominiquepotard.com\/wp-content\/uploads\/2022\/11\/Atelier-participatif-autour-de-linstallation-300x200.jpg 300w, https:\/\/dominiquepotard.com\/wp-content\/uploads\/2022\/11\/Atelier-participatif-autour-de-linstallation-768x511.jpg 768w, https:\/\/dominiquepotard.com\/wp-content\/uploads\/2022\/11\/Atelier-participatif-autour-de-linstallation-508x338.jpg 508w\" sizes=\"auto, (max-width: 800px) 100vw, 800px\" \/><\/a><figcaption class=\"wp-element-caption\">Atelier participatif autour de l&rsquo;installation<\/figcaption><\/figure>\n\n\n\n<figure class=\"wp-block-image size-large\"><a href=\"https:\/\/dominiquepotard.com\/wp-content\/uploads\/2022\/11\/Atelier-Espace-Victor-Hugor-Ploufragan.jpg\" target=\"_blank\" rel=\"noreferrer noopener\"><img loading=\"lazy\" decoding=\"async\" width=\"800\" height=\"532\" data-id=\"296\" src=\"https:\/\/dominiquepotard.com\/wp-content\/uploads\/2022\/11\/Atelier-Espace-Victor-Hugor-Ploufragan.jpg\" alt=\"\" class=\"wp-image-296\" srcset=\"https:\/\/dominiquepotard.com\/wp-content\/uploads\/2022\/11\/Atelier-Espace-Victor-Hugor-Ploufragan.jpg 800w, https:\/\/dominiquepotard.com\/wp-content\/uploads\/2022\/11\/Atelier-Espace-Victor-Hugor-Ploufragan-300x200.jpg 300w, https:\/\/dominiquepotard.com\/wp-content\/uploads\/2022\/11\/Atelier-Espace-Victor-Hugor-Ploufragan-768x511.jpg 768w, https:\/\/dominiquepotard.com\/wp-content\/uploads\/2022\/11\/Atelier-Espace-Victor-Hugor-Ploufragan-508x338.jpg 508w\" sizes=\"auto, (max-width: 800px) 100vw, 800px\" \/><\/a><figcaption class=\"wp-element-caption\">Atelier Espace Victor Hugor Ploufragan<\/figcaption><\/figure>\n\n\n\n<figure class=\"wp-block-image size-large\"><a href=\"https:\/\/dominiquepotard.com\/wp-content\/uploads\/2022\/11\/Atelier-Espace-Ploufragan.jpg\" target=\"_blank\" rel=\"noreferrer noopener\"><img loading=\"lazy\" decoding=\"async\" width=\"532\" height=\"800\" data-id=\"295\" src=\"https:\/\/dominiquepotard.com\/wp-content\/uploads\/2022\/11\/Atelier-Espace-Ploufragan.jpg\" alt=\"\" class=\"wp-image-295\" srcset=\"https:\/\/dominiquepotard.com\/wp-content\/uploads\/2022\/11\/Atelier-Espace-Ploufragan.jpg 532w, https:\/\/dominiquepotard.com\/wp-content\/uploads\/2022\/11\/Atelier-Espace-Ploufragan-200x300.jpg 200w, https:\/\/dominiquepotard.com\/wp-content\/uploads\/2022\/11\/Atelier-Espace-Ploufragan-508x764.jpg 508w\" sizes=\"auto, (max-width: 532px) 100vw, 532px\" \/><\/a><figcaption class=\"wp-element-caption\">Atelier Espace Ploufragan<\/figcaption><\/figure>\n\n\n\n<figure class=\"wp-block-image size-large\"><a href=\"https:\/\/dominiquepotard.com\/wp-content\/uploads\/2022\/11\/Atelier-Ehpad.jpg\" target=\"_blank\" rel=\"noreferrer noopener\"><img loading=\"lazy\" decoding=\"async\" width=\"800\" height=\"532\" data-id=\"294\" src=\"https:\/\/dominiquepotard.com\/wp-content\/uploads\/2022\/11\/Atelier-Ehpad.jpg\" alt=\"\" class=\"wp-image-294\" srcset=\"https:\/\/dominiquepotard.com\/wp-content\/uploads\/2022\/11\/Atelier-Ehpad.jpg 800w, https:\/\/dominiquepotard.com\/wp-content\/uploads\/2022\/11\/Atelier-Ehpad-300x200.jpg 300w, https:\/\/dominiquepotard.com\/wp-content\/uploads\/2022\/11\/Atelier-Ehpad-768x511.jpg 768w, https:\/\/dominiquepotard.com\/wp-content\/uploads\/2022\/11\/Atelier-Ehpad-508x338.jpg 508w\" sizes=\"auto, (max-width: 800px) 100vw, 800px\" \/><\/a><figcaption class=\"wp-element-caption\">Atelier Ehpad<\/figcaption><\/figure>\n\n\n\n<figure class=\"wp-block-image size-large\"><a href=\"https:\/\/dominiquepotard.com\/wp-content\/uploads\/2022\/11\/Atelier-Ehpad-2.jpg\" target=\"_blank\" rel=\"noreferrer noopener\"><img loading=\"lazy\" decoding=\"async\" width=\"800\" height=\"532\" data-id=\"293\" src=\"https:\/\/dominiquepotard.com\/wp-content\/uploads\/2022\/11\/Atelier-Ehpad-2.jpg\" alt=\"\" class=\"wp-image-293\" srcset=\"https:\/\/dominiquepotard.com\/wp-content\/uploads\/2022\/11\/Atelier-Ehpad-2.jpg 800w, https:\/\/dominiquepotard.com\/wp-content\/uploads\/2022\/11\/Atelier-Ehpad-2-300x200.jpg 300w, https:\/\/dominiquepotard.com\/wp-content\/uploads\/2022\/11\/Atelier-Ehpad-2-768x511.jpg 768w, https:\/\/dominiquepotard.com\/wp-content\/uploads\/2022\/11\/Atelier-Ehpad-2-508x338.jpg 508w\" sizes=\"auto, (max-width: 800px) 100vw, 800px\" \/><\/a><figcaption class=\"wp-element-caption\">Atelier Ehpad (2)<\/figcaption><\/figure>\n\n\n\n<figure class=\"wp-block-image size-large\"><a href=\"https:\/\/dominiquepotard.com\/wp-content\/uploads\/2022\/11\/Atelier-3.jpg\" target=\"_blank\" rel=\"noreferrer noopener\"><img loading=\"lazy\" decoding=\"async\" width=\"800\" height=\"532\" data-id=\"292\" src=\"https:\/\/dominiquepotard.com\/wp-content\/uploads\/2022\/11\/Atelier-3.jpg\" alt=\"\" class=\"wp-image-292\" srcset=\"https:\/\/dominiquepotard.com\/wp-content\/uploads\/2022\/11\/Atelier-3.jpg 800w, https:\/\/dominiquepotard.com\/wp-content\/uploads\/2022\/11\/Atelier-3-300x200.jpg 300w, https:\/\/dominiquepotard.com\/wp-content\/uploads\/2022\/11\/Atelier-3-768x511.jpg 768w, https:\/\/dominiquepotard.com\/wp-content\/uploads\/2022\/11\/Atelier-3-508x338.jpg 508w\" sizes=\"auto, (max-width: 800px) 100vw, 800px\" \/><\/a><figcaption class=\"wp-element-caption\">Atelier (3)<\/figcaption><\/figure>\n\n\n\n<figure class=\"wp-block-image size-large\"><a href=\"https:\/\/dominiquepotard.com\/wp-content\/uploads\/2022\/11\/Atelier-2.jpg\" target=\"_blank\" rel=\"noreferrer noopener\"><img loading=\"lazy\" decoding=\"async\" width=\"532\" height=\"800\" data-id=\"291\" src=\"https:\/\/dominiquepotard.com\/wp-content\/uploads\/2022\/11\/Atelier-2.jpg\" alt=\"\" class=\"wp-image-291\" srcset=\"https:\/\/dominiquepotard.com\/wp-content\/uploads\/2022\/11\/Atelier-2.jpg 532w, https:\/\/dominiquepotard.com\/wp-content\/uploads\/2022\/11\/Atelier-2-200x300.jpg 200w, https:\/\/dominiquepotard.com\/wp-content\/uploads\/2022\/11\/Atelier-2-508x764.jpg 508w\" sizes=\"auto, (max-width: 532px) 100vw, 532px\" \/><\/a><figcaption class=\"wp-element-caption\">Atelier (2)<\/figcaption><\/figure>\n<\/figure>\n\n\n\n<p>Chaussures peintes en rouge \u2013 Vie. Mort. Sang. Lutte. Col\u00e8re. R\u00e9volte. Energie. Passion. Revendication. pos\u00e9es \u00e0 m\u00eame le sol sur un tapis de cendres, une accumulation de chaussures comme une multiplicit\u00e9 de femmes, toute sorte de rouge comme revendication d\u2019\u00eatre unique et ensemble.<\/p>\n\n\n\n<p><br>Drapeau rouge \u2013 Lutte. Revendication. Manifestation collective. Conqu\u00eate d\u2019un territoire.. \u201cJOUIS REGARDE EMBRASSE LE MONDE\u201d Etre pleine et enti\u00e8re de son existence \u2013 pens\u00e9e, transmettre et recevoir de l\u2019humanit\u00e9 \u2013 d\u00e9finition utopique et r\u00e9aliste de ce que doit \u00eatre chaque vie.<br>Faire d\u2019une pratique artistique un terrain de rencontres et d\u2019une pratique individuelle une raison collective.<\/p>\n\n\n\n<p><br>Donner sens \u00e0 cette installation \u2013 repr\u00e9sentation du combat des femmes. S\u2019appuyer sur la participation des femmes d\u2019un territoire en lien avec l\u2019exposition. Faire bouger les fronti\u00e8res entre les genres. Les ateliers deviennent des temps de rencontre o\u00f9 la parole et le faire entre en coh\u00e9rence.<\/p>\n","protected":false},"excerpt":{"rendered":"<p>Chaussures peintes en rouge \u2013 Vie. Mort. Sang. Lutte. Col\u00e8re. R\u00e9volte. Energie. Passion. Revendication. pos\u00e9es \u00e0 m\u00eame le sol sur un tapis de cendres, une accumulation de chaussures comme une [&hellip;]<\/p>\n","protected":false},"author":1,"featured_media":0,"parent":0,"menu_order":0,"comment_status":"closed","ping_status":"closed","template":"","meta":{"_uag_custom_page_level_css":"","footnotes":""},"class_list":["post-550","page","type-page","status-publish","hentry"],"yoast_head":"<!-- This site is optimized with the Yoast SEO plugin v26.0 - https:\/\/yoast.com\/wordpress\/plugins\/seo\/ -->\n<title>Installations -<\/title>\n<meta name=\"robots\" content=\"index, follow, max-snippet:-1, max-image-preview:large, max-video-preview:-1\" \/>\n<link rel=\"canonical\" href=\"https:\/\/dominiquepotard.com\/index.php\/installations\/\" \/>\n<meta property=\"og:locale\" content=\"fr_FR\" \/>\n<meta property=\"og:type\" content=\"article\" \/>\n<meta property=\"og:title\" content=\"Installations -\" \/>\n<meta property=\"og:description\" content=\"Chaussures peintes en rouge \u2013 Vie. Mort. Sang. Lutte. Col\u00e8re. R\u00e9volte. Energie. Passion. Revendication. pos\u00e9es \u00e0 m\u00eame le sol sur un tapis de cendres, une accumulation de chaussures comme une [&hellip;]\" \/>\n<meta property=\"og:url\" content=\"https:\/\/dominiquepotard.com\/index.php\/installations\/\" \/>\n<meta property=\"article:modified_time\" content=\"2022-12-23T11:32:09+00:00\" \/>\n<meta property=\"og:image\" content=\"http:\/\/dominiquepotard.com\/wp-content\/uploads\/2022\/11\/Atelier-Lamballe-681x1024.jpg\" \/>\n<meta name=\"twitter:card\" content=\"summary_large_image\" \/>\n<meta name=\"twitter:label1\" content=\"Dur\u00e9e de lecture estim\u00e9e\" \/>\n\t<meta name=\"twitter:data1\" content=\"4 minutes\" \/>\n<script type=\"application\/ld+json\" class=\"yoast-schema-graph\">{\"@context\":\"https:\/\/schema.org\",\"@graph\":[{\"@type\":\"WebPage\",\"@id\":\"https:\/\/dominiquepotard.com\/index.php\/installations\/\",\"url\":\"https:\/\/dominiquepotard.com\/index.php\/installations\/\",\"name\":\"Installations -\",\"isPartOf\":{\"@id\":\"https:\/\/dominiquepotard.com\/#website\"},\"primaryImageOfPage\":{\"@id\":\"https:\/\/dominiquepotard.com\/index.php\/installations\/#primaryimage\"},\"image\":{\"@id\":\"https:\/\/dominiquepotard.com\/index.php\/installations\/#primaryimage\"},\"thumbnailUrl\":\"http:\/\/dominiquepotard.com\/wp-content\/uploads\/2022\/11\/Atelier-Lamballe-681x1024.jpg\",\"datePublished\":\"2022-11-29T10:47:21+00:00\",\"dateModified\":\"2022-12-23T11:32:09+00:00\",\"breadcrumb\":{\"@id\":\"https:\/\/dominiquepotard.com\/index.php\/installations\/#breadcrumb\"},\"inLanguage\":\"fr-FR\",\"potentialAction\":[{\"@type\":\"ReadAction\",\"target\":[\"https:\/\/dominiquepotard.com\/index.php\/installations\/\"]}]},{\"@type\":\"ImageObject\",\"inLanguage\":\"fr-FR\",\"@id\":\"https:\/\/dominiquepotard.com\/index.php\/installations\/#primaryimage\",\"url\":\"https:\/\/dominiquepotard.com\/wp-content\/uploads\/2022\/11\/Atelier-Lamballe.jpg\",\"contentUrl\":\"https:\/\/dominiquepotard.com\/wp-content\/uploads\/2022\/11\/Atelier-Lamballe.jpg\",\"width\":1362,\"height\":2048,\"caption\":\"Atelier Lamballe\"},{\"@type\":\"BreadcrumbList\",\"@id\":\"https:\/\/dominiquepotard.com\/index.php\/installations\/#breadcrumb\",\"itemListElement\":[{\"@type\":\"ListItem\",\"position\":1,\"name\":\"Accueil\",\"item\":\"https:\/\/dominiquepotard.com\/\"},{\"@type\":\"ListItem\",\"position\":2,\"name\":\"Installations\"}]},{\"@type\":\"WebSite\",\"@id\":\"https:\/\/dominiquepotard.com\/#website\",\"url\":\"https:\/\/dominiquepotard.com\/\",\"name\":\"\",\"description\":\"Art textile contemporain\",\"potentialAction\":[{\"@type\":\"SearchAction\",\"target\":{\"@type\":\"EntryPoint\",\"urlTemplate\":\"https:\/\/dominiquepotard.com\/?s={search_term_string}\"},\"query-input\":{\"@type\":\"PropertyValueSpecification\",\"valueRequired\":true,\"valueName\":\"search_term_string\"}}],\"inLanguage\":\"fr-FR\"}]}<\/script>\n<!-- \/ Yoast SEO plugin. -->","yoast_head_json":{"title":"Installations -","robots":{"index":"index","follow":"follow","max-snippet":"max-snippet:-1","max-image-preview":"max-image-preview:large","max-video-preview":"max-video-preview:-1"},"canonical":"https:\/\/dominiquepotard.com\/index.php\/installations\/","og_locale":"fr_FR","og_type":"article","og_title":"Installations -","og_description":"Chaussures peintes en rouge \u2013 Vie. Mort. Sang. Lutte. Col\u00e8re. R\u00e9volte. Energie. Passion. Revendication. pos\u00e9es \u00e0 m\u00eame le sol sur un tapis de cendres, une accumulation de chaussures comme une [&hellip;]","og_url":"https:\/\/dominiquepotard.com\/index.php\/installations\/","article_modified_time":"2022-12-23T11:32:09+00:00","og_image":[{"url":"http:\/\/dominiquepotard.com\/wp-content\/uploads\/2022\/11\/Atelier-Lamballe-681x1024.jpg","type":"","width":"","height":""}],"twitter_card":"summary_large_image","twitter_misc":{"Dur\u00e9e de lecture estim\u00e9e":"4 minutes"},"schema":{"@context":"https:\/\/schema.org","@graph":[{"@type":"WebPage","@id":"https:\/\/dominiquepotard.com\/index.php\/installations\/","url":"https:\/\/dominiquepotard.com\/index.php\/installations\/","name":"Installations -","isPartOf":{"@id":"https:\/\/dominiquepotard.com\/#website"},"primaryImageOfPage":{"@id":"https:\/\/dominiquepotard.com\/index.php\/installations\/#primaryimage"},"image":{"@id":"https:\/\/dominiquepotard.com\/index.php\/installations\/#primaryimage"},"thumbnailUrl":"http:\/\/dominiquepotard.com\/wp-content\/uploads\/2022\/11\/Atelier-Lamballe-681x1024.jpg","datePublished":"2022-11-29T10:47:21+00:00","dateModified":"2022-12-23T11:32:09+00:00","breadcrumb":{"@id":"https:\/\/dominiquepotard.com\/index.php\/installations\/#breadcrumb"},"inLanguage":"fr-FR","potentialAction":[{"@type":"ReadAction","target":["https:\/\/dominiquepotard.com\/index.php\/installations\/"]}]},{"@type":"ImageObject","inLanguage":"fr-FR","@id":"https:\/\/dominiquepotard.com\/index.php\/installations\/#primaryimage","url":"https:\/\/dominiquepotard.com\/wp-content\/uploads\/2022\/11\/Atelier-Lamballe.jpg","contentUrl":"https:\/\/dominiquepotard.com\/wp-content\/uploads\/2022\/11\/Atelier-Lamballe.jpg","width":1362,"height":2048,"caption":"Atelier Lamballe"},{"@type":"BreadcrumbList","@id":"https:\/\/dominiquepotard.com\/index.php\/installations\/#breadcrumb","itemListElement":[{"@type":"ListItem","position":1,"name":"Accueil","item":"https:\/\/dominiquepotard.com\/"},{"@type":"ListItem","position":2,"name":"Installations"}]},{"@type":"WebSite","@id":"https:\/\/dominiquepotard.com\/#website","url":"https:\/\/dominiquepotard.com\/","name":"","description":"Art textile contemporain","potentialAction":[{"@type":"SearchAction","target":{"@type":"EntryPoint","urlTemplate":"https:\/\/dominiquepotard.com\/?s={search_term_string}"},"query-input":{"@type":"PropertyValueSpecification","valueRequired":true,"valueName":"search_term_string"}}],"inLanguage":"fr-FR"}]}},"uagb_featured_image_src":{"full":false,"thumbnail":false,"medium":false,"medium_large":false,"large":false,"post-slider-thumb-size":false,"1536x1536":false,"2048x2048":false,"botiga-extra-large":false,"botiga-large":false,"botiga-big":false,"botiga-medium":false,"woocommerce_thumbnail":false,"woocommerce_single":false,"woocommerce_gallery_thumbnail":false},"uagb_author_info":{"display_name":"dominip1957","author_link":"https:\/\/dominiquepotard.com\/index.php\/author\/dominip1957\/"},"uagb_comment_info":0,"uagb_excerpt":"Chaussures peintes en rouge \u2013 Vie. Mort. Sang. Lutte. Col\u00e8re. R\u00e9volte. Energie. Passion. Revendication. pos\u00e9es \u00e0 m\u00eame le sol sur un tapis de cendres, une accumulation de chaussures comme une [&hellip;]","_links":{"self":[{"href":"https:\/\/dominiquepotard.com\/index.php\/wp-json\/wp\/v2\/pages\/550","targetHints":{"allow":["GET"]}}],"collection":[{"href":"https:\/\/dominiquepotard.com\/index.php\/wp-json\/wp\/v2\/pages"}],"about":[{"href":"https:\/\/dominiquepotard.com\/index.php\/wp-json\/wp\/v2\/types\/page"}],"author":[{"embeddable":true,"href":"https:\/\/dominiquepotard.com\/index.php\/wp-json\/wp\/v2\/users\/1"}],"replies":[{"embeddable":true,"href":"https:\/\/dominiquepotard.com\/index.php\/wp-json\/wp\/v2\/comments?post=550"}],"version-history":[{"count":2,"href":"https:\/\/dominiquepotard.com\/index.php\/wp-json\/wp\/v2\/pages\/550\/revisions"}],"predecessor-version":[{"id":792,"href":"https:\/\/dominiquepotard.com\/index.php\/wp-json\/wp\/v2\/pages\/550\/revisions\/792"}],"wp:attachment":[{"href":"https:\/\/dominiquepotard.com\/index.php\/wp-json\/wp\/v2\/media?parent=550"}],"curies":[{"name":"wp","href":"https:\/\/api.w.org\/{rel}","templated":true}]}}