{"id":547,"date":"2022-11-29T11:42:56","date_gmt":"2022-11-29T10:42:56","guid":{"rendered":"http:\/\/dominiquepotard.com\/?page_id=547"},"modified":"2022-12-23T12:25:39","modified_gmt":"2022-12-23T11:25:39","slug":"peau-de-femme","status":"publish","type":"page","link":"https:\/\/dominiquepotard.com\/index.php\/peau-de-femme\/","title":{"rendered":"Peau de femme"},"content":{"rendered":"\n<figure class=\"wp-block-gallery has-nested-images columns-default is-cropped wp-block-gallery-1 is-layout-flex wp-block-gallery-is-layout-flex\">\n<figure class=\"wp-block-image size-large\"><a href=\"https:\/\/dominiquepotard.com\/wp-content\/uploads\/2022\/11\/Peau-de-femme-2018-divers-textiles.jpg\" target=\"_blank\" rel=\"noreferrer noopener\"><img loading=\"lazy\" decoding=\"async\" width=\"531\" height=\"1024\" data-id=\"261\" src=\"https:\/\/dominiquepotard.com\/wp-content\/uploads\/2022\/11\/Peau-de-femme-2018-divers-textiles-531x1024.jpg\" alt=\"\" class=\"wp-image-261\" srcset=\"https:\/\/dominiquepotard.com\/wp-content\/uploads\/2022\/11\/Peau-de-femme-2018-divers-textiles-531x1024.jpg 531w, https:\/\/dominiquepotard.com\/wp-content\/uploads\/2022\/11\/Peau-de-femme-2018-divers-textiles-800x1544.jpg 800w, https:\/\/dominiquepotard.com\/wp-content\/uploads\/2022\/11\/Peau-de-femme-2018-divers-textiles-155x300.jpg 155w, https:\/\/dominiquepotard.com\/wp-content\/uploads\/2022\/11\/Peau-de-femme-2018-divers-textiles-768x1482.jpg 768w, https:\/\/dominiquepotard.com\/wp-content\/uploads\/2022\/11\/Peau-de-femme-2018-divers-textiles-796x1536.jpg 796w, https:\/\/dominiquepotard.com\/wp-content\/uploads\/2022\/11\/Peau-de-femme-2018-divers-textiles-508x981.jpg 508w, https:\/\/dominiquepotard.com\/wp-content\/uploads\/2022\/11\/Peau-de-femme-2018-divers-textiles.jpg 1061w\" sizes=\"auto, (max-width: 531px) 100vw, 531px\" \/><\/a><figcaption class=\"wp-element-caption\">Peau de femme 2018 divers textiles<\/figcaption><\/figure>\n\n\n\n<figure class=\"wp-block-image size-large\"><a href=\"https:\/\/dominiquepotard.com\/wp-content\/uploads\/2022\/11\/Peau-de-femmes-2012-divers-textiles-_-vendu-Photo-Antoine-de-Givenchy.jpg\" target=\"_blank\" rel=\"noreferrer noopener\"><img loading=\"lazy\" decoding=\"async\" width=\"686\" height=\"1024\" data-id=\"262\" src=\"https:\/\/dominiquepotard.com\/wp-content\/uploads\/2022\/11\/Peau-de-femmes-2012-divers-textiles-_-vendu-Photo-Antoine-de-Givenchy-686x1024.jpg\" alt=\"\" class=\"wp-image-262\" srcset=\"https:\/\/dominiquepotard.com\/wp-content\/uploads\/2022\/11\/Peau-de-femmes-2012-divers-textiles-_-vendu-Photo-Antoine-de-Givenchy-686x1024.jpg 686w, https:\/\/dominiquepotard.com\/wp-content\/uploads\/2022\/11\/Peau-de-femmes-2012-divers-textiles-_-vendu-Photo-Antoine-de-Givenchy-800x1195.jpg 800w, https:\/\/dominiquepotard.com\/wp-content\/uploads\/2022\/11\/Peau-de-femmes-2012-divers-textiles-_-vendu-Photo-Antoine-de-Givenchy-201x300.jpg 201w, https:\/\/dominiquepotard.com\/wp-content\/uploads\/2022\/11\/Peau-de-femmes-2012-divers-textiles-_-vendu-Photo-Antoine-de-Givenchy-768x1147.jpg 768w, https:\/\/dominiquepotard.com\/wp-content\/uploads\/2022\/11\/Peau-de-femmes-2012-divers-textiles-_-vendu-Photo-Antoine-de-Givenchy-1028x1536.jpg 1028w, https:\/\/dominiquepotard.com\/wp-content\/uploads\/2022\/11\/Peau-de-femmes-2012-divers-textiles-_-vendu-Photo-Antoine-de-Givenchy-1240x1852.jpg 1240w, https:\/\/dominiquepotard.com\/wp-content\/uploads\/2022\/11\/Peau-de-femmes-2012-divers-textiles-_-vendu-Photo-Antoine-de-Givenchy-508x759.jpg 508w, https:\/\/dominiquepotard.com\/wp-content\/uploads\/2022\/11\/Peau-de-femmes-2012-divers-textiles-_-vendu-Photo-Antoine-de-Givenchy.jpg 1371w\" sizes=\"auto, (max-width: 686px) 100vw, 686px\" \/><\/a><figcaption class=\"wp-element-caption\">Peau de femmes 2012 divers textiles _ vendu Photo Antoine de Givenchy<\/figcaption><\/figure>\n\n\n\n<figure class=\"wp-block-image size-large\"><a href=\"https:\/\/dominiquepotard.com\/wp-content\/uploads\/2022\/11\/Peau-de-femmes-2016-divers-textiles.jpg\" target=\"_blank\" rel=\"noreferrer noopener\"><img loading=\"lazy\" decoding=\"async\" width=\"681\" height=\"1024\" data-id=\"263\" src=\"https:\/\/dominiquepotard.com\/wp-content\/uploads\/2022\/11\/Peau-de-femmes-2016-divers-textiles-681x1024.jpg\" alt=\"\" class=\"wp-image-263\" srcset=\"https:\/\/dominiquepotard.com\/wp-content\/uploads\/2022\/11\/Peau-de-femmes-2016-divers-textiles-681x1024.jpg 681w, https:\/\/dominiquepotard.com\/wp-content\/uploads\/2022\/11\/Peau-de-femmes-2016-divers-textiles-800x1203.jpg 800w, https:\/\/dominiquepotard.com\/wp-content\/uploads\/2022\/11\/Peau-de-femmes-2016-divers-textiles-200x300.jpg 200w, https:\/\/dominiquepotard.com\/wp-content\/uploads\/2022\/11\/Peau-de-femmes-2016-divers-textiles-768x1155.jpg 768w, https:\/\/dominiquepotard.com\/wp-content\/uploads\/2022\/11\/Peau-de-femmes-2016-divers-textiles-1022x1536.jpg 1022w, https:\/\/dominiquepotard.com\/wp-content\/uploads\/2022\/11\/Peau-de-femmes-2016-divers-textiles-1240x1865.jpg 1240w, https:\/\/dominiquepotard.com\/wp-content\/uploads\/2022\/11\/Peau-de-femmes-2016-divers-textiles-508x764.jpg 508w, https:\/\/dominiquepotard.com\/wp-content\/uploads\/2022\/11\/Peau-de-femmes-2016-divers-textiles.jpg 1362w\" sizes=\"auto, (max-width: 681px) 100vw, 681px\" \/><\/a><figcaption class=\"wp-element-caption\">Peau de femmes 2016 divers textiles<\/figcaption><\/figure>\n\n\n\n<figure class=\"wp-block-image size-large\"><a href=\"https:\/\/dominiquepotard.com\/wp-content\/uploads\/2022\/11\/Les-3-belles-2011-drap-de-coton-colle-de-peau-blanc-de-Meudon-metal-Photo-Antoine-de-Givenchy.jpg\" target=\"_blank\" rel=\"noreferrer noopener\"><img loading=\"lazy\" decoding=\"async\" width=\"1024\" height=\"685\" data-id=\"260\" src=\"https:\/\/dominiquepotard.com\/wp-content\/uploads\/2022\/11\/Les-3-belles-2011-drap-de-coton-colle-de-peau-blanc-de-Meudon-metal-Photo-Antoine-de-Givenchy-1024x685.jpg\" alt=\"\" class=\"wp-image-260\" srcset=\"https:\/\/dominiquepotard.com\/wp-content\/uploads\/2022\/11\/Les-3-belles-2011-drap-de-coton-colle-de-peau-blanc-de-Meudon-metal-Photo-Antoine-de-Givenchy-1024x685.jpg 1024w, https:\/\/dominiquepotard.com\/wp-content\/uploads\/2022\/11\/Les-3-belles-2011-drap-de-coton-colle-de-peau-blanc-de-Meudon-metal-Photo-Antoine-de-Givenchy-800x535.jpg 800w, https:\/\/dominiquepotard.com\/wp-content\/uploads\/2022\/11\/Les-3-belles-2011-drap-de-coton-colle-de-peau-blanc-de-Meudon-metal-Photo-Antoine-de-Givenchy-300x201.jpg 300w, https:\/\/dominiquepotard.com\/wp-content\/uploads\/2022\/11\/Les-3-belles-2011-drap-de-coton-colle-de-peau-blanc-de-Meudon-metal-Photo-Antoine-de-Givenchy-768x514.jpg 768w, https:\/\/dominiquepotard.com\/wp-content\/uploads\/2022\/11\/Les-3-belles-2011-drap-de-coton-colle-de-peau-blanc-de-Meudon-metal-Photo-Antoine-de-Givenchy-1536x1028.jpg 1536w, https:\/\/dominiquepotard.com\/wp-content\/uploads\/2022\/11\/Les-3-belles-2011-drap-de-coton-colle-de-peau-blanc-de-Meudon-metal-Photo-Antoine-de-Givenchy-1240x829.jpg 1240w, https:\/\/dominiquepotard.com\/wp-content\/uploads\/2022\/11\/Les-3-belles-2011-drap-de-coton-colle-de-peau-blanc-de-Meudon-metal-Photo-Antoine-de-Givenchy-508x340.jpg 508w, https:\/\/dominiquepotard.com\/wp-content\/uploads\/2022\/11\/Les-3-belles-2011-drap-de-coton-colle-de-peau-blanc-de-Meudon-metal-Photo-Antoine-de-Givenchy.jpg 2048w\" sizes=\"auto, (max-width: 1024px) 100vw, 1024px\" \/><\/a><figcaption class=\"wp-element-caption\">Les 3 belles 2011 drap de coton, colle de peau, blanc de Meudon, m\u00e9tal Photo Antoine de Givenchy<\/figcaption><\/figure>\n<\/figure>\n\n\n\n<p><strong>Temps de femmes<\/strong><\/p>\n\n\n\n<p>Transcender les mots, les sentiments, la r\u00e9volte, leur donner encore plus de force, plus d\u2019\u00e9motion, en \u00e9tablir une cartographie, une g\u00e9ographie, mettre \u00e0 jour leur lisibilit\u00e9.<\/p>\n\n\n\n<p><strong>Mettre la vie, la femme \u00e0 travers son corps en lumi\u00e8re<\/strong>.<\/p>\n\n\n\n<p>Revendiquer la pl\u00e9nitude, l\u2019\u00e9panouissement dans sa complexit\u00e9, son appartenance \u00e0 une soci\u00e9t\u00e9, au monde. Etre pleine et enti\u00e8re, d\u00e9fendre l\u2019amour qu\u2019on se porte \u00e0 soi, qu\u2019on donne aux autres, que les autres nous offrent mais aussi&nbsp;<em><strong>Lancer un cri contre la barbarie !<\/strong><\/em><\/p>\n\n\n\n<p>&nbsp;Je d\u00e9finirais mon travail comme un aller-retour. Donner \u00e0 voir ce que j\u2019entends en \u00e9cho du monde comme une qu\u00eate insatiable. Un corps \u00e0 corps \u00e0 la d\u00e9couverte des autres et de moi-m\u00eame. Une recherche constante pour saisir l\u2019expression de l\u2019intimit\u00e9 et de l\u2019universel.<\/p>\n\n\n\n<p>&nbsp;J\u2019observe les corps et les reconstruit, les charge de symbolisme. La vie a des formes et des niveaux de sens multiples. L\u2019impr\u00e9gnation de l\u2019id\u00e9e va d\u00e9terminer la technique de chaque \u0153uvre.<\/p>\n\n\n\n<p>&nbsp;Association de mat\u00e9riaux, frottement du figuratif et de l\u2019intime, explosion de l\u2019\u00e9motion mais aussi ouverture de la pens\u00e9e.<\/p>\n\n\n\n<p>&nbsp;Chaque objet, chaque mat\u00e9riaux, fabriqu\u00e9, r\u00e9cup\u00e9r\u00e9, d\u00e9laiss\u00e9, ab\u00eem\u00e9 acc\u00e8de \u00e0 un sens nouveau. L\u2019id\u00e9e n\u2019est pas de heurter, de faire fantasmer mais d\u2019amener les visiteurs \u00e0 une m\u00e9ditation int\u00e9rieure par un propos po\u00e9tique, plastique.<\/p>\n\n\n\n<p>Je r\u00e9invente ces femmes, travaillant l\u2019acier comme le bois ou le tissus\u2026 leur redonnant couleur.<\/p>\n\n\n\n<p>Chaque \u0153uvre renouvelle l\u2019\u00e9tranget\u00e9 de ces structures en les laissant loin d\u2019une intimit\u00e9 originelle, peut-\u00eatre afin d\u2019interpeller les visiteurs de tout genre.<\/p>\n\n\n\n<p><strong>\u00ab&nbsp;La chrysalide&nbsp;\u00bb<\/strong>&nbsp;\u2013 robe d\u2019enfant figurant la virginit\u00e9. Histoire d\u2019un ange, future femme. La lumi\u00e8re passe \u00e0 travers son sexe, pour \u00e9clairer le chemin de sa vie, quel chemin pour quelle histoire de vie&nbsp;?<\/p>\n\n\n\n<p>&nbsp;<strong>\u00ab&nbsp;Extase&nbsp;\u00bb<\/strong>&nbsp;\u2013 un panneau de bois doux\u2026..\u00e0 caresser. En son centre un sexe d\u2019o\u00f9 s\u2019\u00e9chappe des petits galets blancs et brillants tels des perles de volupt\u00e9. On peut aussi imaginer un double sens en voyant les cailloux blancs sem\u00e9s pour retrouver son chemin- chemin de vie et de pl\u00e9nitude.<\/p>\n\n\n\n<p>&nbsp;<strong>\u00ab&nbsp;Pire que la mort&nbsp;\u00bb<\/strong>&nbsp;\u2013 d\u00e9tournement d\u2019objets usuels pour d\u00e9noncer le viol comme acte de guerre. Malle militaire d\u00e9fonc\u00e9e, un pieu \u00e9ventrant un sexe attach\u00e9. Au sol un cercle de cendre, des empreintes traversent la malle pour aller un peu plus loin vers une autre cible\u2026.<\/p>\n\n\n\n<p><strong>#1&nbsp;Passage \/\/<\/strong><\/p>\n\n\n\n<p><strong>Femmes qui courent avec le vent \u2013 La danse au-del\u00e0 du corps \u2013 L\u2019autre Olga \u2013 Peau de femmes \u2013 Sorci\u00e8re \u2013 Linceul<\/strong><\/p>\n\n\n\n<p>Mettre \u00e0 jour la m\u00e9tamorphose du corps \u2013 sujet.&nbsp;<\/p>\n\n\n\n<p>De franchissements en transformations, de la vie \u00e0 la mort&nbsp;; combien de passages, combien de vies, combien de luttes pour se d\u00e9-jouer des carcans, passer entre les mailles du filet et exister \u2013 vivre, bouger au-del\u00e0, penser \u00e0 bras le corps \u2013 exister, unique comme autant de facettes d\u2019une \u00e9vidence existentielle, d\u2019une pens\u00e9e construite, assum\u00e9e, lib\u00e9r\u00e9e.<\/p>\n\n\n\n<p>Etre femme debout.<\/p>\n\n\n\n<p>&nbsp;Fils, trames, tissus \u2013 enveloppe entre le visible et le perceptible. Rendre le perceptible \u00e0 soi visible aux autres.<\/p>\n\n\n\n<p>Enveloppes palpables, liens diaphanes, transparences et interstices \u2013 derri\u00e8re, le corps.<\/p>\n\n\n\n<p>Interroger les codes. Se raconter et aussi les autres. Du v\u00e9cu, de l\u2019entendu, du partag\u00e9. Tourner les pages une \u00e0 une, faire remonter les souvenirs \u00e9vanescents, s\u2019y arr\u00eater.<\/p>\n\n\n\n<p>Dominique Potard<\/p>\n","protected":false},"excerpt":{"rendered":"<p>Temps de femmes Transcender les mots, les sentiments, la r\u00e9volte, leur donner encore plus de force, plus d\u2019\u00e9motion, en \u00e9tablir une cartographie, une g\u00e9ographie, mettre \u00e0 jour leur lisibilit\u00e9. Mettre [&hellip;]<\/p>\n","protected":false},"author":1,"featured_media":0,"parent":0,"menu_order":0,"comment_status":"closed","ping_status":"closed","template":"","meta":{"_uag_custom_page_level_css":"","footnotes":""},"class_list":["post-547","page","type-page","status-publish","hentry"],"yoast_head":"<!-- This site is optimized with the Yoast SEO plugin v26.0 - https:\/\/yoast.com\/wordpress\/plugins\/seo\/ -->\n<title>Peau de femme -<\/title>\n<meta name=\"robots\" content=\"index, follow, max-snippet:-1, max-image-preview:large, max-video-preview:-1\" \/>\n<link rel=\"canonical\" href=\"https:\/\/dominiquepotard.com\/index.php\/peau-de-femme\/\" \/>\n<meta property=\"og:locale\" content=\"fr_FR\" \/>\n<meta property=\"og:type\" content=\"article\" \/>\n<meta property=\"og:title\" content=\"Peau de femme -\" \/>\n<meta property=\"og:description\" content=\"Temps de femmes Transcender les mots, les sentiments, la r\u00e9volte, leur donner encore plus de force, plus d\u2019\u00e9motion, en \u00e9tablir une cartographie, une g\u00e9ographie, mettre \u00e0 jour leur lisibilit\u00e9. Mettre [&hellip;]\" \/>\n<meta property=\"og:url\" content=\"https:\/\/dominiquepotard.com\/index.php\/peau-de-femme\/\" \/>\n<meta property=\"article:modified_time\" content=\"2022-12-23T11:25:39+00:00\" \/>\n<meta property=\"og:image\" content=\"http:\/\/dominiquepotard.com\/wp-content\/uploads\/2022\/11\/Peau-de-femme-2018-divers-textiles-531x1024.jpg\" \/>\n<meta name=\"twitter:card\" content=\"summary_large_image\" \/>\n<meta name=\"twitter:label1\" content=\"Dur\u00e9e de lecture estim\u00e9e\" \/>\n\t<meta name=\"twitter:data1\" content=\"4 minutes\" \/>\n<script type=\"application\/ld+json\" class=\"yoast-schema-graph\">{\"@context\":\"https:\/\/schema.org\",\"@graph\":[{\"@type\":\"WebPage\",\"@id\":\"https:\/\/dominiquepotard.com\/index.php\/peau-de-femme\/\",\"url\":\"https:\/\/dominiquepotard.com\/index.php\/peau-de-femme\/\",\"name\":\"Peau de femme -\",\"isPartOf\":{\"@id\":\"https:\/\/dominiquepotard.com\/#website\"},\"primaryImageOfPage\":{\"@id\":\"https:\/\/dominiquepotard.com\/index.php\/peau-de-femme\/#primaryimage\"},\"image\":{\"@id\":\"https:\/\/dominiquepotard.com\/index.php\/peau-de-femme\/#primaryimage\"},\"thumbnailUrl\":\"http:\/\/dominiquepotard.com\/wp-content\/uploads\/2022\/11\/Peau-de-femme-2018-divers-textiles-531x1024.jpg\",\"datePublished\":\"2022-11-29T10:42:56+00:00\",\"dateModified\":\"2022-12-23T11:25:39+00:00\",\"breadcrumb\":{\"@id\":\"https:\/\/dominiquepotard.com\/index.php\/peau-de-femme\/#breadcrumb\"},\"inLanguage\":\"fr-FR\",\"potentialAction\":[{\"@type\":\"ReadAction\",\"target\":[\"https:\/\/dominiquepotard.com\/index.php\/peau-de-femme\/\"]}]},{\"@type\":\"ImageObject\",\"inLanguage\":\"fr-FR\",\"@id\":\"https:\/\/dominiquepotard.com\/index.php\/peau-de-femme\/#primaryimage\",\"url\":\"https:\/\/dominiquepotard.com\/wp-content\/uploads\/2022\/11\/Peau-de-femme-2018-divers-textiles.jpg\",\"contentUrl\":\"https:\/\/dominiquepotard.com\/wp-content\/uploads\/2022\/11\/Peau-de-femme-2018-divers-textiles.jpg\",\"width\":1061,\"height\":2048,\"caption\":\"Peau de femme 2018 divers textiles\"},{\"@type\":\"BreadcrumbList\",\"@id\":\"https:\/\/dominiquepotard.com\/index.php\/peau-de-femme\/#breadcrumb\",\"itemListElement\":[{\"@type\":\"ListItem\",\"position\":1,\"name\":\"Accueil\",\"item\":\"https:\/\/dominiquepotard.com\/\"},{\"@type\":\"ListItem\",\"position\":2,\"name\":\"Peau de femme\"}]},{\"@type\":\"WebSite\",\"@id\":\"https:\/\/dominiquepotard.com\/#website\",\"url\":\"https:\/\/dominiquepotard.com\/\",\"name\":\"\",\"description\":\"Art textile contemporain\",\"potentialAction\":[{\"@type\":\"SearchAction\",\"target\":{\"@type\":\"EntryPoint\",\"urlTemplate\":\"https:\/\/dominiquepotard.com\/?s={search_term_string}\"},\"query-input\":{\"@type\":\"PropertyValueSpecification\",\"valueRequired\":true,\"valueName\":\"search_term_string\"}}],\"inLanguage\":\"fr-FR\"}]}<\/script>\n<!-- \/ Yoast SEO plugin. -->","yoast_head_json":{"title":"Peau de femme -","robots":{"index":"index","follow":"follow","max-snippet":"max-snippet:-1","max-image-preview":"max-image-preview:large","max-video-preview":"max-video-preview:-1"},"canonical":"https:\/\/dominiquepotard.com\/index.php\/peau-de-femme\/","og_locale":"fr_FR","og_type":"article","og_title":"Peau de femme -","og_description":"Temps de femmes Transcender les mots, les sentiments, la r\u00e9volte, leur donner encore plus de force, plus d\u2019\u00e9motion, en \u00e9tablir une cartographie, une g\u00e9ographie, mettre \u00e0 jour leur lisibilit\u00e9. Mettre [&hellip;]","og_url":"https:\/\/dominiquepotard.com\/index.php\/peau-de-femme\/","article_modified_time":"2022-12-23T11:25:39+00:00","og_image":[{"url":"http:\/\/dominiquepotard.com\/wp-content\/uploads\/2022\/11\/Peau-de-femme-2018-divers-textiles-531x1024.jpg","type":"","width":"","height":""}],"twitter_card":"summary_large_image","twitter_misc":{"Dur\u00e9e de lecture estim\u00e9e":"4 minutes"},"schema":{"@context":"https:\/\/schema.org","@graph":[{"@type":"WebPage","@id":"https:\/\/dominiquepotard.com\/index.php\/peau-de-femme\/","url":"https:\/\/dominiquepotard.com\/index.php\/peau-de-femme\/","name":"Peau de femme -","isPartOf":{"@id":"https:\/\/dominiquepotard.com\/#website"},"primaryImageOfPage":{"@id":"https:\/\/dominiquepotard.com\/index.php\/peau-de-femme\/#primaryimage"},"image":{"@id":"https:\/\/dominiquepotard.com\/index.php\/peau-de-femme\/#primaryimage"},"thumbnailUrl":"http:\/\/dominiquepotard.com\/wp-content\/uploads\/2022\/11\/Peau-de-femme-2018-divers-textiles-531x1024.jpg","datePublished":"2022-11-29T10:42:56+00:00","dateModified":"2022-12-23T11:25:39+00:00","breadcrumb":{"@id":"https:\/\/dominiquepotard.com\/index.php\/peau-de-femme\/#breadcrumb"},"inLanguage":"fr-FR","potentialAction":[{"@type":"ReadAction","target":["https:\/\/dominiquepotard.com\/index.php\/peau-de-femme\/"]}]},{"@type":"ImageObject","inLanguage":"fr-FR","@id":"https:\/\/dominiquepotard.com\/index.php\/peau-de-femme\/#primaryimage","url":"https:\/\/dominiquepotard.com\/wp-content\/uploads\/2022\/11\/Peau-de-femme-2018-divers-textiles.jpg","contentUrl":"https:\/\/dominiquepotard.com\/wp-content\/uploads\/2022\/11\/Peau-de-femme-2018-divers-textiles.jpg","width":1061,"height":2048,"caption":"Peau de femme 2018 divers textiles"},{"@type":"BreadcrumbList","@id":"https:\/\/dominiquepotard.com\/index.php\/peau-de-femme\/#breadcrumb","itemListElement":[{"@type":"ListItem","position":1,"name":"Accueil","item":"https:\/\/dominiquepotard.com\/"},{"@type":"ListItem","position":2,"name":"Peau de femme"}]},{"@type":"WebSite","@id":"https:\/\/dominiquepotard.com\/#website","url":"https:\/\/dominiquepotard.com\/","name":"","description":"Art textile contemporain","potentialAction":[{"@type":"SearchAction","target":{"@type":"EntryPoint","urlTemplate":"https:\/\/dominiquepotard.com\/?s={search_term_string}"},"query-input":{"@type":"PropertyValueSpecification","valueRequired":true,"valueName":"search_term_string"}}],"inLanguage":"fr-FR"}]}},"uagb_featured_image_src":{"full":false,"thumbnail":false,"medium":false,"medium_large":false,"large":false,"post-slider-thumb-size":false,"1536x1536":false,"2048x2048":false,"botiga-extra-large":false,"botiga-large":false,"botiga-big":false,"botiga-medium":false,"woocommerce_thumbnail":false,"woocommerce_single":false,"woocommerce_gallery_thumbnail":false},"uagb_author_info":{"display_name":"dominip1957","author_link":"https:\/\/dominiquepotard.com\/index.php\/author\/dominip1957\/"},"uagb_comment_info":0,"uagb_excerpt":"Temps de femmes Transcender les mots, les sentiments, la r\u00e9volte, leur donner encore plus de force, plus d\u2019\u00e9motion, en \u00e9tablir une cartographie, une g\u00e9ographie, mettre \u00e0 jour leur lisibilit\u00e9. Mettre [&hellip;]","_links":{"self":[{"href":"https:\/\/dominiquepotard.com\/index.php\/wp-json\/wp\/v2\/pages\/547","targetHints":{"allow":["GET"]}}],"collection":[{"href":"https:\/\/dominiquepotard.com\/index.php\/wp-json\/wp\/v2\/pages"}],"about":[{"href":"https:\/\/dominiquepotard.com\/index.php\/wp-json\/wp\/v2\/types\/page"}],"author":[{"embeddable":true,"href":"https:\/\/dominiquepotard.com\/index.php\/wp-json\/wp\/v2\/users\/1"}],"replies":[{"embeddable":true,"href":"https:\/\/dominiquepotard.com\/index.php\/wp-json\/wp\/v2\/comments?post=547"}],"version-history":[{"count":2,"href":"https:\/\/dominiquepotard.com\/index.php\/wp-json\/wp\/v2\/pages\/547\/revisions"}],"predecessor-version":[{"id":788,"href":"https:\/\/dominiquepotard.com\/index.php\/wp-json\/wp\/v2\/pages\/547\/revisions\/788"}],"wp:attachment":[{"href":"https:\/\/dominiquepotard.com\/index.php\/wp-json\/wp\/v2\/media?parent=547"}],"curies":[{"name":"wp","href":"https:\/\/api.w.org\/{rel}","templated":true}]}}