{"id":431,"date":"2022-11-19T12:07:01","date_gmt":"2022-11-19T11:07:01","guid":{"rendered":"http:\/\/dominiquepotard.com\/?page_id=431"},"modified":"2022-11-29T17:01:20","modified_gmt":"2022-11-29T16:01:20","slug":"sous-la-plume-de-jean-jacques-rebours","status":"publish","type":"page","link":"https:\/\/dominiquepotard.com\/index.php\/sous-la-plume-de-jean-jacques-rebours\/","title":{"rendered":"J-J Rebours"},"content":{"rendered":"\n<h2 class=\"has-larger-font-size wp-block-heading\">Sous la plume de Jean-Jacques Rebours journaliste pour le journal Ouest France<\/h2>\n\n\n\n<blockquote class=\"wp-block-quote has-large-font-size is-layout-flow wp-block-quote-is-layout-flow\">\n<p class=\"has-small-font-size\">Confiez-lui une robe de mari\u00e9e p\u00e9rim\u00e9e, un jean de N\u00eemes ou d\u2019ailleurs, un corset qui a affin\u00e9 la taille de votre grand-m\u00e8re\u2026 Si ces v\u00eatements inspirent Dominique Potard par leur mati\u00e8re ou leur couleur, l\u2019artiste les transcendera en \u0153uvres d\u2019art.<br>Quand j\u2019ai d\u00e9couvert ses oripeaux c\u00e9lestes, ses peaux de femme, ces anciens textiles devenus tableaux, ou encore ses robes planantes, ces structures tortur\u00e9es par l\u2019\u00e9motion et la rage, je suis rest\u00e9 en arr\u00eat. J\u2019\u00e9tais captiv\u00e9 par leur force de persuasion. J\u2019\u00e9tais hypnotis\u00e9 par ce rouge Potard, la couleur de pr\u00e9dilection de cette artiste qui r\u00e9side \u00e0 Saint-Quay Portrieux en C\u00f4tes-d\u2019Armor.<br>\u00a0<br>S\u2019ils ne sentent plus la terre dans laquelle ils ont s\u00e9journ\u00e9, un, deux, trois mois\u2026 le temps que le temps fasse son effet, ces v\u00eatements subtilement d\u00e9grad\u00e9s par les bact\u00e9ries et l\u2019humus, nous interpellent. On imagine des corps, on les voit en mouvement. Le r\u00eave flirte avec le fantasme\u2026<br>\u00a0<br>Ces \u0153uvres refl\u00e8tent la fibre de Dominique Potard, artiste f\u00e9minine et f\u00e9ministe. Elles traduisent la violence faite aux femmes. Certaines m\u00eame le viol. Elles participent surtout \u00e0 l\u2019\u00e9ducation de tous. Pour que les filles, les \u00e9pouses et les m\u00e8res soient des femmes libres et debout.<\/p>\n<cite>&#8211; Jean-Jacques Rebours<\/cite><\/blockquote>\n","protected":false},"excerpt":{"rendered":"<p>Sous la plume de Jean-Jacques Rebours journaliste pour le journal Ouest France Confiez-lui une robe de mari\u00e9e p\u00e9rim\u00e9e, un jean de N\u00eemes ou d\u2019ailleurs, un corset qui a affin\u00e9 la [&hellip;]<\/p>\n","protected":false},"author":1,"featured_media":0,"parent":0,"menu_order":0,"comment_status":"closed","ping_status":"closed","template":"","meta":{"_uag_custom_page_level_css":"","footnotes":""},"class_list":["post-431","page","type-page","status-publish","hentry"],"yoast_head":"<!-- This site is optimized with the Yoast SEO plugin v26.0 - https:\/\/yoast.com\/wordpress\/plugins\/seo\/ -->\n<title>J-J Rebours -<\/title>\n<meta name=\"robots\" content=\"index, follow, max-snippet:-1, max-image-preview:large, max-video-preview:-1\" \/>\n<link rel=\"canonical\" href=\"https:\/\/dominiquepotard.com\/index.php\/sous-la-plume-de-jean-jacques-rebours\/\" \/>\n<meta property=\"og:locale\" content=\"fr_FR\" \/>\n<meta property=\"og:type\" content=\"article\" \/>\n<meta property=\"og:title\" content=\"J-J Rebours -\" \/>\n<meta property=\"og:description\" content=\"Sous la plume de Jean-Jacques Rebours journaliste pour le journal Ouest France Confiez-lui une robe de mari\u00e9e p\u00e9rim\u00e9e, un jean de N\u00eemes ou d\u2019ailleurs, un corset qui a affin\u00e9 la [&hellip;]\" \/>\n<meta property=\"og:url\" content=\"https:\/\/dominiquepotard.com\/index.php\/sous-la-plume-de-jean-jacques-rebours\/\" \/>\n<meta property=\"article:modified_time\" content=\"2022-11-29T16:01:20+00:00\" \/>\n<meta name=\"twitter:card\" content=\"summary_large_image\" \/>\n<meta name=\"twitter:label1\" content=\"Dur\u00e9e de lecture estim\u00e9e\" \/>\n\t<meta name=\"twitter:data1\" content=\"2 minutes\" \/>\n<script type=\"application\/ld+json\" class=\"yoast-schema-graph\">{\"@context\":\"https:\/\/schema.org\",\"@graph\":[{\"@type\":\"WebPage\",\"@id\":\"https:\/\/dominiquepotard.com\/index.php\/sous-la-plume-de-jean-jacques-rebours\/\",\"url\":\"https:\/\/dominiquepotard.com\/index.php\/sous-la-plume-de-jean-jacques-rebours\/\",\"name\":\"J-J Rebours -\",\"isPartOf\":{\"@id\":\"https:\/\/dominiquepotard.com\/#website\"},\"datePublished\":\"2022-11-19T11:07:01+00:00\",\"dateModified\":\"2022-11-29T16:01:20+00:00\",\"breadcrumb\":{\"@id\":\"https:\/\/dominiquepotard.com\/index.php\/sous-la-plume-de-jean-jacques-rebours\/#breadcrumb\"},\"inLanguage\":\"fr-FR\",\"potentialAction\":[{\"@type\":\"ReadAction\",\"target\":[\"https:\/\/dominiquepotard.com\/index.php\/sous-la-plume-de-jean-jacques-rebours\/\"]}]},{\"@type\":\"BreadcrumbList\",\"@id\":\"https:\/\/dominiquepotard.com\/index.php\/sous-la-plume-de-jean-jacques-rebours\/#breadcrumb\",\"itemListElement\":[{\"@type\":\"ListItem\",\"position\":1,\"name\":\"Accueil\",\"item\":\"https:\/\/dominiquepotard.com\/\"},{\"@type\":\"ListItem\",\"position\":2,\"name\":\"J-J Rebours\"}]},{\"@type\":\"WebSite\",\"@id\":\"https:\/\/dominiquepotard.com\/#website\",\"url\":\"https:\/\/dominiquepotard.com\/\",\"name\":\"\",\"description\":\"Art textile contemporain\",\"potentialAction\":[{\"@type\":\"SearchAction\",\"target\":{\"@type\":\"EntryPoint\",\"urlTemplate\":\"https:\/\/dominiquepotard.com\/?s={search_term_string}\"},\"query-input\":{\"@type\":\"PropertyValueSpecification\",\"valueRequired\":true,\"valueName\":\"search_term_string\"}}],\"inLanguage\":\"fr-FR\"}]}<\/script>\n<!-- \/ Yoast SEO plugin. -->","yoast_head_json":{"title":"J-J Rebours -","robots":{"index":"index","follow":"follow","max-snippet":"max-snippet:-1","max-image-preview":"max-image-preview:large","max-video-preview":"max-video-preview:-1"},"canonical":"https:\/\/dominiquepotard.com\/index.php\/sous-la-plume-de-jean-jacques-rebours\/","og_locale":"fr_FR","og_type":"article","og_title":"J-J Rebours -","og_description":"Sous la plume de Jean-Jacques Rebours journaliste pour le journal Ouest France Confiez-lui une robe de mari\u00e9e p\u00e9rim\u00e9e, un jean de N\u00eemes ou d\u2019ailleurs, un corset qui a affin\u00e9 la [&hellip;]","og_url":"https:\/\/dominiquepotard.com\/index.php\/sous-la-plume-de-jean-jacques-rebours\/","article_modified_time":"2022-11-29T16:01:20+00:00","twitter_card":"summary_large_image","twitter_misc":{"Dur\u00e9e de lecture estim\u00e9e":"2 minutes"},"schema":{"@context":"https:\/\/schema.org","@graph":[{"@type":"WebPage","@id":"https:\/\/dominiquepotard.com\/index.php\/sous-la-plume-de-jean-jacques-rebours\/","url":"https:\/\/dominiquepotard.com\/index.php\/sous-la-plume-de-jean-jacques-rebours\/","name":"J-J Rebours -","isPartOf":{"@id":"https:\/\/dominiquepotard.com\/#website"},"datePublished":"2022-11-19T11:07:01+00:00","dateModified":"2022-11-29T16:01:20+00:00","breadcrumb":{"@id":"https:\/\/dominiquepotard.com\/index.php\/sous-la-plume-de-jean-jacques-rebours\/#breadcrumb"},"inLanguage":"fr-FR","potentialAction":[{"@type":"ReadAction","target":["https:\/\/dominiquepotard.com\/index.php\/sous-la-plume-de-jean-jacques-rebours\/"]}]},{"@type":"BreadcrumbList","@id":"https:\/\/dominiquepotard.com\/index.php\/sous-la-plume-de-jean-jacques-rebours\/#breadcrumb","itemListElement":[{"@type":"ListItem","position":1,"name":"Accueil","item":"https:\/\/dominiquepotard.com\/"},{"@type":"ListItem","position":2,"name":"J-J Rebours"}]},{"@type":"WebSite","@id":"https:\/\/dominiquepotard.com\/#website","url":"https:\/\/dominiquepotard.com\/","name":"","description":"Art textile contemporain","potentialAction":[{"@type":"SearchAction","target":{"@type":"EntryPoint","urlTemplate":"https:\/\/dominiquepotard.com\/?s={search_term_string}"},"query-input":{"@type":"PropertyValueSpecification","valueRequired":true,"valueName":"search_term_string"}}],"inLanguage":"fr-FR"}]}},"uagb_featured_image_src":{"full":false,"thumbnail":false,"medium":false,"medium_large":false,"large":false,"post-slider-thumb-size":false,"1536x1536":false,"2048x2048":false,"botiga-extra-large":false,"botiga-large":false,"botiga-big":false,"botiga-medium":false,"woocommerce_thumbnail":false,"woocommerce_single":false,"woocommerce_gallery_thumbnail":false},"uagb_author_info":{"display_name":"dominip1957","author_link":"https:\/\/dominiquepotard.com\/index.php\/author\/dominip1957\/"},"uagb_comment_info":0,"uagb_excerpt":"Sous la plume de Jean-Jacques Rebours journaliste pour le journal Ouest France Confiez-lui une robe de mari\u00e9e p\u00e9rim\u00e9e, un jean de N\u00eemes ou d\u2019ailleurs, un corset qui a affin\u00e9 la [&hellip;]","_links":{"self":[{"href":"https:\/\/dominiquepotard.com\/index.php\/wp-json\/wp\/v2\/pages\/431","targetHints":{"allow":["GET"]}}],"collection":[{"href":"https:\/\/dominiquepotard.com\/index.php\/wp-json\/wp\/v2\/pages"}],"about":[{"href":"https:\/\/dominiquepotard.com\/index.php\/wp-json\/wp\/v2\/types\/page"}],"author":[{"embeddable":true,"href":"https:\/\/dominiquepotard.com\/index.php\/wp-json\/wp\/v2\/users\/1"}],"replies":[{"embeddable":true,"href":"https:\/\/dominiquepotard.com\/index.php\/wp-json\/wp\/v2\/comments?post=431"}],"version-history":[{"count":4,"href":"https:\/\/dominiquepotard.com\/index.php\/wp-json\/wp\/v2\/pages\/431\/revisions"}],"predecessor-version":[{"id":593,"href":"https:\/\/dominiquepotard.com\/index.php\/wp-json\/wp\/v2\/pages\/431\/revisions\/593"}],"wp:attachment":[{"href":"https:\/\/dominiquepotard.com\/index.php\/wp-json\/wp\/v2\/media?parent=431"}],"curies":[{"name":"wp","href":"https:\/\/api.w.org\/{rel}","templated":true}]}}