{"id":389,"date":"2022-11-15T16:01:42","date_gmt":"2022-11-15T15:01:42","guid":{"rendered":"http:\/\/dominiquepotard.com\/?page_id=389"},"modified":"2022-11-29T17:05:06","modified_gmt":"2022-11-29T16:05:06","slug":"le-regard-de-caroline-crozat","status":"publish","type":"page","link":"https:\/\/dominiquepotard.com\/index.php\/le-regard-de-caroline-crozat\/","title":{"rendered":"Caroline Crozat"},"content":{"rendered":"\n<p class=\"has-larger-font-size\">Le regard de Caroline Crozat<\/p>\n\n\n<div class=\"wp-block-image\">\n<figure class=\"alignleft size-medium\"><img loading=\"lazy\" decoding=\"async\" width=\"300\" height=\"200\" src=\"https:\/\/dominiquepotard.com\/wp-content\/uploads\/2022\/11\/caroline-crozat-300x200.jpg\" alt=\"\" class=\"wp-image-390\" srcset=\"https:\/\/dominiquepotard.com\/wp-content\/uploads\/2022\/11\/caroline-crozat-300x200.jpg 300w, https:\/\/dominiquepotard.com\/wp-content\/uploads\/2022\/11\/caroline-crozat-800x534.jpg 800w, https:\/\/dominiquepotard.com\/wp-content\/uploads\/2022\/11\/caroline-crozat-768x513.jpg 768w, https:\/\/dominiquepotard.com\/wp-content\/uploads\/2022\/11\/caroline-crozat-508x339.jpg 508w, https:\/\/dominiquepotard.com\/wp-content\/uploads\/2022\/11\/caroline-crozat.jpg 1000w\" sizes=\"auto, (max-width: 300px) 100vw, 300px\" \/><figcaption class=\"wp-element-caption\"><em>Caroline Crozat, artiste multi-facettes<\/em><\/figcaption><\/figure>\n<\/div>\n\n\n<p class=\"has-normal-font-size\">Le fil de la vie ou les veines de la nature.<br>L\u00e0 o\u00f9 m\u00eame le temps ne tue pas mais transforme avec maturation les diff\u00e9rentes pr\u00e9alables traces de ce qui fut pour laisser place \u00e0 ce qui est. Les \u0153uvres de Dominique Potard sont incontestablement un travail sur et avec le temps. Et l\u2019espace.<\/p>\n\n\n\n<p class=\"has-normal-font-size\"><br>Un espace d\u2019avant o\u00f9 les choses prenaient sens telles quelles et un espace du pendant-maintenant<br>o\u00f9 le d\u00e9ni n\u2019a pas sa place, mais une belle id\u00e9e : faire pousser dans la nature et par la nature le futur sens d\u2019habits en g\u00e9n\u00e9ral f\u00e9minins.<\/p>\n\n\n\n<p class=\"has-normal-font-size\"><br>Et on assiste alors \u00e0 un d\u00e9fil\u00e9 fin et puissant de formes nouvelles et audacieuses, compactes ou tellement fines qu\u2019on croirait qu\u2019elles cassent : mais non: elles tiennent. Et elles tiennent bien.<\/p>\n\n\n\n<p class=\"has-normal-font-size\"><br>C\u2019est l\u2019habit culturel, le costume cod\u00e9 qui, dor\u00e9navant pos\u00e9 sur les sols terreux, venteux, pleins<br>d\u2019humus et de champignons (qui des fois s\u2019installent avec gr\u00e2ce) se retrouve quelques semaines<br>ou mois apr\u00e8s, cueillis avec l\u2019impact du l\u00e2cher-prise sur ces anciens codes.<\/p>\n\n\n\n<p class=\"has-normal-font-size\"><br>Et l\u2019Art apparait gr\u00e2ce \u00e0 la geste magique, sensible et intelligent de Dominique Potard.<br>L\u2019habit, qui n\u2019en est plus un mais devenu le germe de la cr\u00e9ation, sera, avec la fantaisie et l\u2019extraordinaire maitrise de cette artiste, devenu nouveau signe, nouveau code, nouvel espace : celui de la toile coll\u00e9e sur la toile.<\/p>\n\n\n\n<p class=\"has-normal-font-size\"><br>Comme une redondance de la victoire de l\u2019esprit sur la mati\u00e8re.<br>Et l\u00e0, sous nos yeux : la revendication puissante de l\u2019instinct de survie puissant qui se manifeste sous formes d\u2019ic\u00f4nes pa\u00efennes.<\/p>\n\n\n\n<p class=\"has-normal-font-size\"><br>Chapeau, madame Potard.<\/p>\n\n\n\n<p class=\"has-small-font-size\"><br>&#8211; Caroline Crozat (Novembre 2019)<\/p>\n","protected":false},"excerpt":{"rendered":"<p>Le regard de Caroline Crozat Le fil de la vie ou les veines de la nature.L\u00e0 o\u00f9 m\u00eame le temps ne tue pas mais transforme avec maturation les diff\u00e9rentes pr\u00e9alables [&hellip;]<\/p>\n","protected":false},"author":1,"featured_media":0,"parent":0,"menu_order":0,"comment_status":"closed","ping_status":"closed","template":"","meta":{"_uag_custom_page_level_css":"","footnotes":""},"class_list":["post-389","page","type-page","status-publish","hentry"],"yoast_head":"<!-- This site is optimized with the Yoast SEO plugin v26.0 - https:\/\/yoast.com\/wordpress\/plugins\/seo\/ -->\n<title>Caroline Crozat -<\/title>\n<meta name=\"robots\" content=\"index, follow, max-snippet:-1, max-image-preview:large, max-video-preview:-1\" \/>\n<link rel=\"canonical\" href=\"https:\/\/dominiquepotard.com\/index.php\/le-regard-de-caroline-crozat\/\" \/>\n<meta property=\"og:locale\" content=\"fr_FR\" \/>\n<meta property=\"og:type\" content=\"article\" \/>\n<meta property=\"og:title\" content=\"Caroline Crozat -\" \/>\n<meta property=\"og:description\" content=\"Le regard de Caroline Crozat Le fil de la vie ou les veines de la nature.L\u00e0 o\u00f9 m\u00eame le temps ne tue pas mais transforme avec maturation les diff\u00e9rentes pr\u00e9alables [&hellip;]\" \/>\n<meta property=\"og:url\" content=\"https:\/\/dominiquepotard.com\/index.php\/le-regard-de-caroline-crozat\/\" \/>\n<meta property=\"article:modified_time\" content=\"2022-11-29T16:05:06+00:00\" \/>\n<meta property=\"og:image\" content=\"http:\/\/dominiquepotard.com\/wp-content\/uploads\/2022\/11\/caroline-crozat-300x200.jpg\" \/>\n<meta name=\"twitter:card\" content=\"summary_large_image\" \/>\n<meta name=\"twitter:label1\" content=\"Dur\u00e9e de lecture estim\u00e9e\" \/>\n\t<meta name=\"twitter:data1\" content=\"2 minutes\" \/>\n<script type=\"application\/ld+json\" class=\"yoast-schema-graph\">{\"@context\":\"https:\/\/schema.org\",\"@graph\":[{\"@type\":\"WebPage\",\"@id\":\"https:\/\/dominiquepotard.com\/index.php\/le-regard-de-caroline-crozat\/\",\"url\":\"https:\/\/dominiquepotard.com\/index.php\/le-regard-de-caroline-crozat\/\",\"name\":\"Caroline Crozat -\",\"isPartOf\":{\"@id\":\"https:\/\/dominiquepotard.com\/#website\"},\"primaryImageOfPage\":{\"@id\":\"https:\/\/dominiquepotard.com\/index.php\/le-regard-de-caroline-crozat\/#primaryimage\"},\"image\":{\"@id\":\"https:\/\/dominiquepotard.com\/index.php\/le-regard-de-caroline-crozat\/#primaryimage\"},\"thumbnailUrl\":\"http:\/\/dominiquepotard.com\/wp-content\/uploads\/2022\/11\/caroline-crozat-300x200.jpg\",\"datePublished\":\"2022-11-15T15:01:42+00:00\",\"dateModified\":\"2022-11-29T16:05:06+00:00\",\"breadcrumb\":{\"@id\":\"https:\/\/dominiquepotard.com\/index.php\/le-regard-de-caroline-crozat\/#breadcrumb\"},\"inLanguage\":\"fr-FR\",\"potentialAction\":[{\"@type\":\"ReadAction\",\"target\":[\"https:\/\/dominiquepotard.com\/index.php\/le-regard-de-caroline-crozat\/\"]}]},{\"@type\":\"ImageObject\",\"inLanguage\":\"fr-FR\",\"@id\":\"https:\/\/dominiquepotard.com\/index.php\/le-regard-de-caroline-crozat\/#primaryimage\",\"url\":\"https:\/\/dominiquepotard.com\/wp-content\/uploads\/2022\/11\/caroline-crozat.jpg\",\"contentUrl\":\"https:\/\/dominiquepotard.com\/wp-content\/uploads\/2022\/11\/caroline-crozat.jpg\",\"width\":1000,\"height\":668},{\"@type\":\"BreadcrumbList\",\"@id\":\"https:\/\/dominiquepotard.com\/index.php\/le-regard-de-caroline-crozat\/#breadcrumb\",\"itemListElement\":[{\"@type\":\"ListItem\",\"position\":1,\"name\":\"Accueil\",\"item\":\"https:\/\/dominiquepotard.com\/\"},{\"@type\":\"ListItem\",\"position\":2,\"name\":\"Caroline Crozat\"}]},{\"@type\":\"WebSite\",\"@id\":\"https:\/\/dominiquepotard.com\/#website\",\"url\":\"https:\/\/dominiquepotard.com\/\",\"name\":\"\",\"description\":\"Art textile contemporain\",\"potentialAction\":[{\"@type\":\"SearchAction\",\"target\":{\"@type\":\"EntryPoint\",\"urlTemplate\":\"https:\/\/dominiquepotard.com\/?s={search_term_string}\"},\"query-input\":{\"@type\":\"PropertyValueSpecification\",\"valueRequired\":true,\"valueName\":\"search_term_string\"}}],\"inLanguage\":\"fr-FR\"}]}<\/script>\n<!-- \/ Yoast SEO plugin. -->","yoast_head_json":{"title":"Caroline Crozat -","robots":{"index":"index","follow":"follow","max-snippet":"max-snippet:-1","max-image-preview":"max-image-preview:large","max-video-preview":"max-video-preview:-1"},"canonical":"https:\/\/dominiquepotard.com\/index.php\/le-regard-de-caroline-crozat\/","og_locale":"fr_FR","og_type":"article","og_title":"Caroline Crozat -","og_description":"Le regard de Caroline Crozat Le fil de la vie ou les veines de la nature.L\u00e0 o\u00f9 m\u00eame le temps ne tue pas mais transforme avec maturation les diff\u00e9rentes pr\u00e9alables [&hellip;]","og_url":"https:\/\/dominiquepotard.com\/index.php\/le-regard-de-caroline-crozat\/","article_modified_time":"2022-11-29T16:05:06+00:00","og_image":[{"url":"http:\/\/dominiquepotard.com\/wp-content\/uploads\/2022\/11\/caroline-crozat-300x200.jpg","type":"","width":"","height":""}],"twitter_card":"summary_large_image","twitter_misc":{"Dur\u00e9e de lecture estim\u00e9e":"2 minutes"},"schema":{"@context":"https:\/\/schema.org","@graph":[{"@type":"WebPage","@id":"https:\/\/dominiquepotard.com\/index.php\/le-regard-de-caroline-crozat\/","url":"https:\/\/dominiquepotard.com\/index.php\/le-regard-de-caroline-crozat\/","name":"Caroline Crozat -","isPartOf":{"@id":"https:\/\/dominiquepotard.com\/#website"},"primaryImageOfPage":{"@id":"https:\/\/dominiquepotard.com\/index.php\/le-regard-de-caroline-crozat\/#primaryimage"},"image":{"@id":"https:\/\/dominiquepotard.com\/index.php\/le-regard-de-caroline-crozat\/#primaryimage"},"thumbnailUrl":"http:\/\/dominiquepotard.com\/wp-content\/uploads\/2022\/11\/caroline-crozat-300x200.jpg","datePublished":"2022-11-15T15:01:42+00:00","dateModified":"2022-11-29T16:05:06+00:00","breadcrumb":{"@id":"https:\/\/dominiquepotard.com\/index.php\/le-regard-de-caroline-crozat\/#breadcrumb"},"inLanguage":"fr-FR","potentialAction":[{"@type":"ReadAction","target":["https:\/\/dominiquepotard.com\/index.php\/le-regard-de-caroline-crozat\/"]}]},{"@type":"ImageObject","inLanguage":"fr-FR","@id":"https:\/\/dominiquepotard.com\/index.php\/le-regard-de-caroline-crozat\/#primaryimage","url":"https:\/\/dominiquepotard.com\/wp-content\/uploads\/2022\/11\/caroline-crozat.jpg","contentUrl":"https:\/\/dominiquepotard.com\/wp-content\/uploads\/2022\/11\/caroline-crozat.jpg","width":1000,"height":668},{"@type":"BreadcrumbList","@id":"https:\/\/dominiquepotard.com\/index.php\/le-regard-de-caroline-crozat\/#breadcrumb","itemListElement":[{"@type":"ListItem","position":1,"name":"Accueil","item":"https:\/\/dominiquepotard.com\/"},{"@type":"ListItem","position":2,"name":"Caroline Crozat"}]},{"@type":"WebSite","@id":"https:\/\/dominiquepotard.com\/#website","url":"https:\/\/dominiquepotard.com\/","name":"","description":"Art textile contemporain","potentialAction":[{"@type":"SearchAction","target":{"@type":"EntryPoint","urlTemplate":"https:\/\/dominiquepotard.com\/?s={search_term_string}"},"query-input":{"@type":"PropertyValueSpecification","valueRequired":true,"valueName":"search_term_string"}}],"inLanguage":"fr-FR"}]}},"uagb_featured_image_src":{"full":false,"thumbnail":false,"medium":false,"medium_large":false,"large":false,"post-slider-thumb-size":false,"1536x1536":false,"2048x2048":false,"botiga-extra-large":false,"botiga-large":false,"botiga-big":false,"botiga-medium":false,"woocommerce_thumbnail":false,"woocommerce_single":false,"woocommerce_gallery_thumbnail":false},"uagb_author_info":{"display_name":"dominip1957","author_link":"https:\/\/dominiquepotard.com\/index.php\/author\/dominip1957\/"},"uagb_comment_info":0,"uagb_excerpt":"Le regard de Caroline Crozat Le fil de la vie ou les veines de la nature.L\u00e0 o\u00f9 m\u00eame le temps ne tue pas mais transforme avec maturation les diff\u00e9rentes pr\u00e9alables [&hellip;]","_links":{"self":[{"href":"https:\/\/dominiquepotard.com\/index.php\/wp-json\/wp\/v2\/pages\/389","targetHints":{"allow":["GET"]}}],"collection":[{"href":"https:\/\/dominiquepotard.com\/index.php\/wp-json\/wp\/v2\/pages"}],"about":[{"href":"https:\/\/dominiquepotard.com\/index.php\/wp-json\/wp\/v2\/types\/page"}],"author":[{"embeddable":true,"href":"https:\/\/dominiquepotard.com\/index.php\/wp-json\/wp\/v2\/users\/1"}],"replies":[{"embeddable":true,"href":"https:\/\/dominiquepotard.com\/index.php\/wp-json\/wp\/v2\/comments?post=389"}],"version-history":[{"count":6,"href":"https:\/\/dominiquepotard.com\/index.php\/wp-json\/wp\/v2\/pages\/389\/revisions"}],"predecessor-version":[{"id":595,"href":"https:\/\/dominiquepotard.com\/index.php\/wp-json\/wp\/v2\/pages\/389\/revisions\/595"}],"wp:attachment":[{"href":"https:\/\/dominiquepotard.com\/index.php\/wp-json\/wp\/v2\/media?parent=389"}],"curies":[{"name":"wp","href":"https:\/\/api.w.org\/{rel}","templated":true}]}}