{"id":326,"date":"2022-11-11T15:21:45","date_gmt":"2022-11-11T14:21:45","guid":{"rendered":"http:\/\/dominiquepotard.com\/?page_id=326"},"modified":"2023-03-12T18:03:03","modified_gmt":"2023-03-12T17:03:03","slug":"bio-expo","status":"publish","type":"page","link":"https:\/\/dominiquepotard.com\/index.php\/bio-expo\/","title":{"rendered":"bio &#8211; expo"},"content":{"rendered":"\n<div class=\"wp-block-media-text alignwide is-stacked-on-mobile is-vertically-aligned-top is-style-default\" style=\"grid-template-columns:19% auto\"><figure class=\"wp-block-media-text__media\"><img loading=\"lazy\" decoding=\"async\" width=\"150\" height=\"150\" src=\"https:\/\/dominiquepotard.com\/wp-content\/uploads\/2022\/11\/Dominique-Potard-2022-150x150.jpg\" alt=\"\" class=\"wp-image-345 size-thumbnail\" srcset=\"https:\/\/dominiquepotard.com\/wp-content\/uploads\/2022\/11\/Dominique-Potard-2022-150x150.jpg 150w, https:\/\/dominiquepotard.com\/wp-content\/uploads\/2022\/11\/Dominique-Potard-2022-420x420.jpg 420w, https:\/\/dominiquepotard.com\/wp-content\/uploads\/2022\/11\/Dominique-Potard-2022-100x100.jpg 100w\" sizes=\"auto, (max-width: 150px) 100vw, 150px\" \/><\/figure><div class=\"wp-block-media-text__content\">\n<p><strong>\u00c9toffes du temps<\/strong><\/p>\n\n\n\n<p>Pour la plus part, v\u00eatements de femmes install\u00e9s dans mon jardin au fil des mois et des ann\u00e9es, abandonn\u00e9s au temps qu&rsquo;il fait, au temps qu&rsquo;il faut\u2026. Je laisse la terre, le soleil, la pluie, la lune et les saisons y faire \u0153uvre.<\/p>\n\n\n\n<p>S\u2019en suit un d\u00e9licat et m\u00e9ticuleux travail d&rsquo;arch\u00e9ologie textile, de mise \u00e0 jour du moindre fragment de ces oripeaux &#8211; trames et marges de leurs vies ant\u00e9rieures.<\/p>\n\n\n\n<p>Ces v\u00eatement d\u00e9lit\u00e9s, en \u00e9tat de d\u00e9composition apr\u00e8s leur passage dans le jardin au bord de la disparition, \u00e9lim\u00e9s, trou\u00e9s, certains us\u00e9s jusqu\u2019\u00e0 la corde, marbr\u00e9s par la chimie de la terre, m&rsquo;am\u00e8nent \u00e0 d\u00e9crypter des \u00e9critures sauvages, entrevoir des territoires maritimes, \u00e9vocations imaginaires.<br>D\u2019autres, impr\u00e9gn\u00e9s de la lumi\u00e8re du soleil et de la lune ont un chemin parall\u00e8le \u00e0 la photographie, seul le temps de pause diff\u00e8re, s\u2019\u00e9tire au fil des mois.<br>Ils sont tous trait\u00e9s et travaill\u00e9s \u00e0 leur forger d&rsquo;autres histoires, d&rsquo;autres vies, d&rsquo;autres destins de femmes\u2026<br>Sur les murs, loin de l\u2019intimit\u00e9 originelle, les tableaux, les tentures prennent vie, un autre tissage se fait. Parfois le textile semble dispara\u00eetre derri\u00e8re la cr\u00e9ation. L\u2019ouvrage est extr\u00eamement d\u00e9licat, la mati\u00e8re est devenue fragile. Un collage minutieux fixe sur la toile l\u2019\u0153uvre entrevue ou prot\u00e9g\u00e9 par un verre, le textile donne \u00e0 voir une savante alchimie entre ce que le temps en a fait et ce que je d\u00e9crypte de ces traces testamentaires.<\/p>\n\n\n\n<p>C\u2019est une renaissance mue par des intentions profondes. Vestiges soign\u00e9s tels des reliques, manipul\u00e9es comme des joyaux, travaill\u00e9es avec un infini respect pour amener le visiteur \u00e0 une m\u00e9ditation int\u00e9rieure par un propos po\u00e9tique sur les questions fondamentales &#8211; d\u2019o\u00f9 venons-nous, ou allons nous&nbsp;?<\/p>\n<\/div><\/div>\n\n\n\n<p><strong>Expositions<\/strong><\/p>\n\n\n\n<p class=\"has-text-align-center\"> <strong>2023 <\/strong> <\/p>\n\n\n\n<p><strong>1 et 2 avril<\/strong> &#8211; Porte ouverte d&rsquo;atelier dans le cadre des Journ\u00e9es Europ\u00e9ennes des M\u00e9tiers d&rsquo;Art &#8211; Plouha 22<\/p>\n\n\n\n<p><a href=\"https:\/\/www.cridelormeau.com\/exposition-jema-journees-europeennes-des-metiers-d-art-111961.html\">https:\/\/www.cridelormeau.com\/exposition-jema-journees-europeennes-des-metiers-d-art-111961.html<\/a><\/p>\n\n\n\n<p><\/p>\n\n\n\n<p><strong>8 au 11 juin<\/strong> &#8211; Exposition collective ART sur le FIL &#8211; Alen\u00e7on 61<\/p>\n\n\n\n<p><\/p>\n\n\n\n<p><strong>21 au 27 ao\u00fbt<\/strong> &#8211; Exposition Moulin du Huelgoat 29<\/p>\n\n\n\n<p class=\"has-text-align-center\"><strong>2022<\/strong><\/p>\n\n\n\n<p class=\"has-text-align-center\">Biennale Peintres et sculpteurs de Bretagne Saint-Brieuc- 22<br>Festival Art\u2019Tanik \u2013 69<br>Caf\u00e9-librairie Le Tagarin &#8211; 22<\/p>\n\n\n\n<p class=\"has-text-align-center\"><strong>2021 \u2013<\/strong> <strong>2022<\/strong><\/p>\n\n\n\n<p class=\"has-text-align-center\">Construction et am\u00e9nagement de mon nouvel atelier<\/p>\n\n\n\n<p class=\"has-text-align-center\"><strong>2020<\/strong><\/p>\n\n\n\n<p class=\"has-text-align-center\"> Exposition individuelle M\u00e9diath\u00e8que de Langueux &#8211; 22<br>Galerie L\u2019oiseau-Sablier -Tr\u00e9guier -22<br>Galerie Letty \u2013 Vienne &#8211; 38<\/p>\n\n\n\n<p class=\"has-text-align-center\"><strong>2019<\/strong><\/p>\n\n\n\n<p class=\"has-text-align-center\"> Journ\u00e9e Europ\u00e9enne M\u00e9tiers d\u2019Art -Abbaye de L\u00e9hon- 22<br>Salon Art sur le fil- Alen\u00e7on &#8211; 61<br>Biennale art textile -Les Journandises -Bourg en Bresse &#8211; 01<br>Art Tout cour\u2019 &#8211; Plouescat &#8211; 29<\/p>\n\n\n\n<p class=\"has-text-align-center\"><strong>2018<\/strong><\/p>\n\n\n\n<p class=\"has-text-align-center\"> D\u00e9tissage \u2013 St Th\u00e9lo &#8211; 22<br>Galerie en apART\u00e9 La Rochelle \u2013 17<br>La Halle \u00e0 mar\u00e9e \u2013 Cancale &#8211; 35<\/p>\n\n\n\n<p class=\"has-text-align-center\"><strong>2017<\/strong><\/p>\n\n\n\n<p class=\"has-text-align-center\"> Salon Cousu de fil rouge -Thaon les Vosges -88<br>l\u2019Art au manoir \u2013 Taden &#8211; 22<br>Salon Art\u20194 Bordeaux \u2013 33<\/p>\n","protected":false},"excerpt":{"rendered":"<p>\u00c9toffes du temps Pour la plus part, v\u00eatements de femmes install\u00e9s dans mon jardin au fil des mois et des ann\u00e9es, abandonn\u00e9s au temps qu&rsquo;il fait, au temps qu&rsquo;il faut\u2026. [&hellip;]<\/p>\n","protected":false},"author":1,"featured_media":0,"parent":0,"menu_order":0,"comment_status":"closed","ping_status":"closed","template":"","meta":{"_uag_custom_page_level_css":"","footnotes":""},"class_list":["post-326","page","type-page","status-publish","hentry"],"yoast_head":"<!-- This site is optimized with the Yoast SEO plugin v26.0 - https:\/\/yoast.com\/wordpress\/plugins\/seo\/ -->\n<title>bio - expo -<\/title>\n<meta name=\"robots\" content=\"index, follow, max-snippet:-1, max-image-preview:large, max-video-preview:-1\" \/>\n<link rel=\"canonical\" href=\"https:\/\/dominiquepotard.com\/index.php\/bio-expo\/\" \/>\n<meta property=\"og:locale\" content=\"fr_FR\" \/>\n<meta property=\"og:type\" content=\"article\" \/>\n<meta property=\"og:title\" content=\"bio - expo -\" \/>\n<meta property=\"og:description\" content=\"\u00c9toffes du temps Pour la plus part, v\u00eatements de femmes install\u00e9s dans mon jardin au fil des mois et des ann\u00e9es, abandonn\u00e9s au temps qu&rsquo;il fait, au temps qu&rsquo;il faut\u2026. [&hellip;]\" \/>\n<meta property=\"og:url\" content=\"https:\/\/dominiquepotard.com\/index.php\/bio-expo\/\" \/>\n<meta property=\"article:modified_time\" content=\"2023-03-12T17:03:03+00:00\" \/>\n<meta property=\"og:image\" content=\"http:\/\/dominiquepotard.com\/wp-content\/uploads\/2022\/11\/Dominique-Potard-2022-150x150.jpg\" \/>\n<meta name=\"twitter:card\" content=\"summary_large_image\" \/>\n<meta name=\"twitter:label1\" content=\"Dur\u00e9e de lecture estim\u00e9e\" \/>\n\t<meta name=\"twitter:data1\" content=\"3 minutes\" \/>\n<script type=\"application\/ld+json\" class=\"yoast-schema-graph\">{\"@context\":\"https:\/\/schema.org\",\"@graph\":[{\"@type\":\"WebPage\",\"@id\":\"https:\/\/dominiquepotard.com\/index.php\/bio-expo\/\",\"url\":\"https:\/\/dominiquepotard.com\/index.php\/bio-expo\/\",\"name\":\"bio - expo -\",\"isPartOf\":{\"@id\":\"https:\/\/dominiquepotard.com\/#website\"},\"primaryImageOfPage\":{\"@id\":\"https:\/\/dominiquepotard.com\/index.php\/bio-expo\/#primaryimage\"},\"image\":{\"@id\":\"https:\/\/dominiquepotard.com\/index.php\/bio-expo\/#primaryimage\"},\"thumbnailUrl\":\"http:\/\/dominiquepotard.com\/wp-content\/uploads\/2022\/11\/Dominique-Potard-2022-150x150.jpg\",\"datePublished\":\"2022-11-11T14:21:45+00:00\",\"dateModified\":\"2023-03-12T17:03:03+00:00\",\"breadcrumb\":{\"@id\":\"https:\/\/dominiquepotard.com\/index.php\/bio-expo\/#breadcrumb\"},\"inLanguage\":\"fr-FR\",\"potentialAction\":[{\"@type\":\"ReadAction\",\"target\":[\"https:\/\/dominiquepotard.com\/index.php\/bio-expo\/\"]}]},{\"@type\":\"ImageObject\",\"inLanguage\":\"fr-FR\",\"@id\":\"https:\/\/dominiquepotard.com\/index.php\/bio-expo\/#primaryimage\",\"url\":\"https:\/\/dominiquepotard.com\/wp-content\/uploads\/2022\/11\/Dominique-Potard-2022.jpg\",\"contentUrl\":\"https:\/\/dominiquepotard.com\/wp-content\/uploads\/2022\/11\/Dominique-Potard-2022.jpg\",\"width\":1374,\"height\":1832},{\"@type\":\"BreadcrumbList\",\"@id\":\"https:\/\/dominiquepotard.com\/index.php\/bio-expo\/#breadcrumb\",\"itemListElement\":[{\"@type\":\"ListItem\",\"position\":1,\"name\":\"Accueil\",\"item\":\"https:\/\/dominiquepotard.com\/\"},{\"@type\":\"ListItem\",\"position\":2,\"name\":\"bio &#8211; expo\"}]},{\"@type\":\"WebSite\",\"@id\":\"https:\/\/dominiquepotard.com\/#website\",\"url\":\"https:\/\/dominiquepotard.com\/\",\"name\":\"\",\"description\":\"Art textile contemporain\",\"potentialAction\":[{\"@type\":\"SearchAction\",\"target\":{\"@type\":\"EntryPoint\",\"urlTemplate\":\"https:\/\/dominiquepotard.com\/?s={search_term_string}\"},\"query-input\":{\"@type\":\"PropertyValueSpecification\",\"valueRequired\":true,\"valueName\":\"search_term_string\"}}],\"inLanguage\":\"fr-FR\"}]}<\/script>\n<!-- \/ Yoast SEO plugin. -->","yoast_head_json":{"title":"bio - expo -","robots":{"index":"index","follow":"follow","max-snippet":"max-snippet:-1","max-image-preview":"max-image-preview:large","max-video-preview":"max-video-preview:-1"},"canonical":"https:\/\/dominiquepotard.com\/index.php\/bio-expo\/","og_locale":"fr_FR","og_type":"article","og_title":"bio - expo -","og_description":"\u00c9toffes du temps Pour la plus part, v\u00eatements de femmes install\u00e9s dans mon jardin au fil des mois et des ann\u00e9es, abandonn\u00e9s au temps qu&rsquo;il fait, au temps qu&rsquo;il faut\u2026. [&hellip;]","og_url":"https:\/\/dominiquepotard.com\/index.php\/bio-expo\/","article_modified_time":"2023-03-12T17:03:03+00:00","og_image":[{"url":"http:\/\/dominiquepotard.com\/wp-content\/uploads\/2022\/11\/Dominique-Potard-2022-150x150.jpg","type":"","width":"","height":""}],"twitter_card":"summary_large_image","twitter_misc":{"Dur\u00e9e de lecture estim\u00e9e":"3 minutes"},"schema":{"@context":"https:\/\/schema.org","@graph":[{"@type":"WebPage","@id":"https:\/\/dominiquepotard.com\/index.php\/bio-expo\/","url":"https:\/\/dominiquepotard.com\/index.php\/bio-expo\/","name":"bio - expo -","isPartOf":{"@id":"https:\/\/dominiquepotard.com\/#website"},"primaryImageOfPage":{"@id":"https:\/\/dominiquepotard.com\/index.php\/bio-expo\/#primaryimage"},"image":{"@id":"https:\/\/dominiquepotard.com\/index.php\/bio-expo\/#primaryimage"},"thumbnailUrl":"http:\/\/dominiquepotard.com\/wp-content\/uploads\/2022\/11\/Dominique-Potard-2022-150x150.jpg","datePublished":"2022-11-11T14:21:45+00:00","dateModified":"2023-03-12T17:03:03+00:00","breadcrumb":{"@id":"https:\/\/dominiquepotard.com\/index.php\/bio-expo\/#breadcrumb"},"inLanguage":"fr-FR","potentialAction":[{"@type":"ReadAction","target":["https:\/\/dominiquepotard.com\/index.php\/bio-expo\/"]}]},{"@type":"ImageObject","inLanguage":"fr-FR","@id":"https:\/\/dominiquepotard.com\/index.php\/bio-expo\/#primaryimage","url":"https:\/\/dominiquepotard.com\/wp-content\/uploads\/2022\/11\/Dominique-Potard-2022.jpg","contentUrl":"https:\/\/dominiquepotard.com\/wp-content\/uploads\/2022\/11\/Dominique-Potard-2022.jpg","width":1374,"height":1832},{"@type":"BreadcrumbList","@id":"https:\/\/dominiquepotard.com\/index.php\/bio-expo\/#breadcrumb","itemListElement":[{"@type":"ListItem","position":1,"name":"Accueil","item":"https:\/\/dominiquepotard.com\/"},{"@type":"ListItem","position":2,"name":"bio &#8211; expo"}]},{"@type":"WebSite","@id":"https:\/\/dominiquepotard.com\/#website","url":"https:\/\/dominiquepotard.com\/","name":"","description":"Art textile contemporain","potentialAction":[{"@type":"SearchAction","target":{"@type":"EntryPoint","urlTemplate":"https:\/\/dominiquepotard.com\/?s={search_term_string}"},"query-input":{"@type":"PropertyValueSpecification","valueRequired":true,"valueName":"search_term_string"}}],"inLanguage":"fr-FR"}]}},"uagb_featured_image_src":{"full":false,"thumbnail":false,"medium":false,"medium_large":false,"large":false,"post-slider-thumb-size":false,"1536x1536":false,"2048x2048":false,"botiga-extra-large":false,"botiga-large":false,"botiga-big":false,"botiga-medium":false,"woocommerce_thumbnail":false,"woocommerce_single":false,"woocommerce_gallery_thumbnail":false},"uagb_author_info":{"display_name":"dominip1957","author_link":"https:\/\/dominiquepotard.com\/index.php\/author\/dominip1957\/"},"uagb_comment_info":0,"uagb_excerpt":"\u00c9toffes du temps Pour la plus part, v\u00eatements de femmes install\u00e9s dans mon jardin au fil des mois et des ann\u00e9es, abandonn\u00e9s au temps qu&rsquo;il fait, au temps qu&rsquo;il faut\u2026. [&hellip;]","_links":{"self":[{"href":"https:\/\/dominiquepotard.com\/index.php\/wp-json\/wp\/v2\/pages\/326","targetHints":{"allow":["GET"]}}],"collection":[{"href":"https:\/\/dominiquepotard.com\/index.php\/wp-json\/wp\/v2\/pages"}],"about":[{"href":"https:\/\/dominiquepotard.com\/index.php\/wp-json\/wp\/v2\/types\/page"}],"author":[{"embeddable":true,"href":"https:\/\/dominiquepotard.com\/index.php\/wp-json\/wp\/v2\/users\/1"}],"replies":[{"embeddable":true,"href":"https:\/\/dominiquepotard.com\/index.php\/wp-json\/wp\/v2\/comments?post=326"}],"version-history":[{"count":14,"href":"https:\/\/dominiquepotard.com\/index.php\/wp-json\/wp\/v2\/pages\/326\/revisions"}],"predecessor-version":[{"id":1013,"href":"https:\/\/dominiquepotard.com\/index.php\/wp-json\/wp\/v2\/pages\/326\/revisions\/1013"}],"wp:attachment":[{"href":"https:\/\/dominiquepotard.com\/index.php\/wp-json\/wp\/v2\/media?parent=326"}],"curies":[{"name":"wp","href":"https:\/\/api.w.org\/{rel}","templated":true}]}}